{"id":6,"date":"2020-06-11T17:04:39","date_gmt":"2020-06-11T17:04:39","guid":{"rendered":"http:\/\/upn141.edu.mx\/?page_id=6"},"modified":"2025-03-10T15:33:42","modified_gmt":"2025-03-10T15:33:42","slug":"inicio","status":"publish","type":"page","link":"https:\/\/upn141.edu.mx\/","title":{"rendered":"Inicio"},"content":{"rendered":"\t\t<div data-elementor-type=\"wp-page\" data-elementor-id=\"6\" class=\"elementor elementor-6\" data-elementor-post-type=\"page\">\n\t\t\t\t\t\t<section class=\"elementor-section elementor-top-section elementor-element elementor-element-d8383f5 elementor-section-boxed elementor-section-height-default elementor-section-height-default\" data-id=\"d8383f5\" data-element_type=\"section\">\n\t\t\t\t\t\t<div class=\"elementor-container elementor-column-gap-no\">\n\t\t\t\t\t<div class=\"elementor-column elementor-col-100 elementor-top-column elementor-element elementor-element-e16b98c\" data-id=\"e16b98c\" data-element_type=\"column\">\n\t\t\t<div class=\"elementor-widget-wrap elementor-element-populated\">\n\t\t\t\t\t\t<div class=\"elementor-element elementor-element-8707a37 elementor--h-position-center elementor--v-position-middle elementor-arrows-position-inside elementor-pagination-position-inside elementor-widget elementor-widget-slides\" data-id=\"8707a37\" data-element_type=\"widget\" data-settings=\"{&quot;transition_speed&quot;:250,&quot;autoplay_speed&quot;:4768,&quot;navigation&quot;:&quot;both&quot;,&quot;autoplay&quot;:&quot;yes&quot;,&quot;pause_on_hover&quot;:&quot;yes&quot;,&quot;pause_on_interaction&quot;:&quot;yes&quot;,&quot;infinite&quot;:&quot;yes&quot;,&quot;transition&quot;:&quot;slide&quot;}\" data-widget_type=\"slides.default\">\n\t\t\t\t<div class=\"elementor-widget-container\">\n\t\t\t\t\t<div class=\"elementor-swiper\">\n\t\t\t<div class=\"elementor-slides-wrapper elementor-main-swiper swiper\" dir=\"ltr\" data-animation=\"fadeInDown\">\n\t\t\t\t<div class=\"swiper-wrapper elementor-slides\">\n\t\t\t\t\t\t\t\t\t\t<div class=\"elementor-repeater-item-1202c8e swiper-slide\"><div class=\"swiper-slide-bg\" role=\"img\"><\/div><div class=\"swiper-slide-inner\" ><div class=\"swiper-slide-contents\"><\/div><\/div><\/div>\t\t\t\t<\/div>\n\t\t\t\t\t\t\t<\/div>\n\t\t<\/div>\n\t\t\t\t<\/div>\n\t\t\t\t<\/div>\n\t\t\t\t\t<\/div>\n\t\t<\/div>\n\t\t\t\t\t<\/div>\n\t\t<\/section>\n\t\t\t\t<section class=\"elementor-section elementor-top-section elementor-element elementor-element-5e78902 elementor-section-boxed elementor-section-height-default elementor-section-height-default\" data-id=\"5e78902\" data-element_type=\"section\">\n\t\t\t\t\t\t<div class=\"elementor-container elementor-column-gap-default\">\n\t\t\t\t\t<div class=\"elementor-column elementor-col-100 elementor-top-column elementor-element elementor-element-5082623\" data-id=\"5082623\" data-element_type=\"column\">\n\t\t\t<div class=\"elementor-widget-wrap\">\n\t\t\t\t\t\t\t<\/div>\n\t\t<\/div>\n\t\t\t\t\t<\/div>\n\t\t<\/section>\n\t\t\t\t<section class=\"elementor-section elementor-top-section elementor-element elementor-element-c913287 elementor-section-boxed elementor-section-height-default elementor-section-height-default\" data-id=\"c913287\" data-element_type=\"section\">\n\t\t\t\t\t\t<div class=\"elementor-container elementor-column-gap-default\">\n\t\t\t\t\t<div class=\"elementor-column elementor-col-66 elementor-top-column elementor-element elementor-element-99aadf4\" data-id=\"99aadf4\" data-element_type=\"column\">\n\t\t\t<div class=\"elementor-widget-wrap elementor-element-populated\">\n\t\t\t\t\t\t<section class=\"elementor-section elementor-inner-section elementor-element elementor-element-2901e083 elementor-section-content-middle elementor-section-boxed elementor-section-height-default elementor-section-height-default\" data-id=\"2901e083\" data-element_type=\"section\">\n\t\t\t\t\t\t<div class=\"elementor-container elementor-column-gap-no\">\n\t\t\t\t\t<div class=\"elementor-column elementor-col-100 elementor-inner-column elementor-element elementor-element-6e9e2f90\" data-id=\"6e9e2f90\" data-element_type=\"column\">\n\t\t\t<div class=\"elementor-widget-wrap elementor-element-populated\">\n\t\t\t\t\t\t<div class=\"elementor-element elementor-element-816e348 elementor-widget elementor-widget-heading\" data-id=\"816e348\" data-element_type=\"widget\" data-widget_type=\"heading.default\">\n\t\t\t\t<div class=\"elementor-widget-container\">\n\t\t\t<h1 class=\"elementor-heading-title elementor-size-default\">Bienvenid@<\/h1>\t\t<\/div>\n\t\t\t\t<\/div>\n\t\t\t\t<div class=\"elementor-element elementor-element-5efda87f elementor-widget elementor-widget-text-editor\" data-id=\"5efda87f\" data-element_type=\"widget\" data-widget_type=\"text-editor.default\">\n\t\t\t\t<div class=\"elementor-widget-container\">\n\t\t\t\t\t\t\t<div><div><p>La Universidad Pedag\u00f3gica Nacional es una instituci\u00f3n p\u00fablica de educaci\u00f3n superior con vocaci\u00f3n nacional y plena autonom\u00eda acad\u00e9mica; se orienta a la formaci\u00f3n y desarrollo de profesionales de la educaci\u00f3n y a la generaci\u00f3n de conocimiento de acuerdo con las necesidades del pa\u00eds considerando la diversidad sociocultural. A partir de sus funciones sustantivas se vincula con el sector educativo, con organizaciones sociales e instituciones nacionales e internacionales, con el fin de atender la problem\u00e1tica educativa y el fomento a la cultura.<\/p><\/div><\/div>\t\t\t\t\t\t<\/div>\n\t\t\t\t<\/div>\n\t\t\t\t\t<\/div>\n\t\t<\/div>\n\t\t\t\t\t<\/div>\n\t\t<\/section>\n\t\t\t\t<div class=\"elementor-element elementor-element-d71233b elementor-button-info elementor-widget elementor-widget-button\" data-id=\"d71233b\" data-element_type=\"widget\" data-widget_type=\"button.default\">\n\t\t\t\t<div class=\"elementor-widget-container\">\n\t\t\t\t\t<div class=\"elementor-button-wrapper\">\n\t\t\t<a class=\"elementor-button elementor-button-link elementor-size-md\" href=\"http:\/\/upn141.edu.mx\/index.php\/mision-y-principios\/\">\n\t\t\t\t\t\t<span class=\"elementor-button-content-wrapper\">\n\t\t\t\t\t\t\t\t\t<span class=\"elementor-button-text\">Leer m\u00e1s<\/span>\n\t\t\t\t\t<\/span>\n\t\t\t\t\t<\/a>\n\t\t<\/div>\n\t\t\t\t<\/div>\n\t\t\t\t<\/div>\n\t\t\t\t\t<\/div>\n\t\t<\/div>\n\t\t\t\t<div class=\"elementor-column elementor-col-33 elementor-top-column elementor-element elementor-element-762b39e\" data-id=\"762b39e\" data-element_type=\"column\">\n\t\t\t<div class=\"elementor-widget-wrap elementor-element-populated\">\n\t\t\t\t\t\t<div class=\"elementor-element elementor-element-6119f72 elementor-widget elementor-widget-facebook-page\" data-id=\"6119f72\" data-element_type=\"widget\" data-widget_type=\"facebook-page.default\">\n\t\t\t\t<div class=\"elementor-widget-container\">\n\t\t\t<div class=\"elementor-facebook-widget fb-page\" data-href=\"https:\/\/www.facebook.com\/Upn141gdl\" data-tabs=\"timeline\" data-height=\"478px\" data-width=\"500px\" data-small-header=\"false\" data-hide-cover=\"false\" data-show-facepile=\"true\" data-hide-cta=\"false\" style=\"min-height: 1px;height:478px\"><\/div>\t\t<\/div>\n\t\t\t\t<\/div>\n\t\t\t\t\t<\/div>\n\t\t<\/div>\n\t\t\t\t\t<\/div>\n\t\t<\/section>\n\t\t\t\t<section class=\"elementor-section elementor-top-section elementor-element elementor-element-7cbf560b elementor-section-content-middle elementor-section-height-min-height elementor-section-boxed elementor-section-height-default elementor-section-items-middle\" data-id=\"7cbf560b\" data-element_type=\"section\" data-settings=\"{&quot;background_background&quot;:&quot;classic&quot;}\">\n\t\t\t\t\t\t\t<div class=\"elementor-background-overlay\"><\/div>\n\t\t\t\t\t\t\t<div class=\"elementor-container elementor-column-gap-no\">\n\t\t\t\t\t<div class=\"elementor-column elementor-col-100 elementor-top-column elementor-element elementor-element-5ccce0d3\" data-id=\"5ccce0d3\" data-element_type=\"column\">\n\t\t\t<div class=\"elementor-widget-wrap elementor-element-populated\">\n\t\t\t\t\t\t<div class=\"elementor-element elementor-element-c11939e elementor-widget elementor-widget-heading\" data-id=\"c11939e\" data-element_type=\"widget\" data-widget_type=\"heading.default\">\n\t\t\t\t<div class=\"elementor-widget-container\">\n\t\t\t<h1 class=\"elementor-heading-title elementor-size-default\">Educar para Transformar<\/h1>\t\t<\/div>\n\t\t\t\t<\/div>\n\t\t\t\t\t<\/div>\n\t\t<\/div>\n\t\t\t\t\t<\/div>\n\t\t<\/section>\n\t\t\t\t<section class=\"elementor-section elementor-top-section elementor-element elementor-element-c888c4d elementor-section-content-middle elementor-section-boxed elementor-section-height-default elementor-section-height-default\" data-id=\"c888c4d\" data-element_type=\"section\" data-settings=\"{&quot;background_background&quot;:&quot;classic&quot;}\">\n\t\t\t\t\t\t<div class=\"elementor-container elementor-column-gap-no\">\n\t\t\t\t\t<div class=\"elementor-column elementor-col-100 elementor-top-column elementor-element elementor-element-c0f414e\" data-id=\"c0f414e\" data-element_type=\"column\">\n\t\t\t<div class=\"elementor-widget-wrap elementor-element-populated\">\n\t\t\t\t\t\t<div class=\"elementor-element elementor-element-544b0a6b elementor-widget elementor-widget-heading\" data-id=\"544b0a6b\" data-element_type=\"widget\" data-widget_type=\"heading.default\">\n\t\t\t\t<div class=\"elementor-widget-container\">\n\t\t\t<h1 class=\"elementor-heading-title elementor-size-default\">Contacto<\/h1>\t\t<\/div>\n\t\t\t\t<\/div>\n\t\t\t\t<section class=\"elementor-section elementor-inner-section elementor-element elementor-element-360864de elementor-section-content-middle elementor-section-boxed elementor-section-height-default elementor-section-height-default\" data-id=\"360864de\" data-element_type=\"section\">\n\t\t\t\t\t\t<div class=\"elementor-container elementor-column-gap-no\">\n\t\t\t\t\t<div class=\"elementor-column elementor-col-50 elementor-inner-column elementor-element elementor-element-1659c504\" data-id=\"1659c504\" data-element_type=\"column\">\n\t\t\t<div class=\"elementor-widget-wrap elementor-element-populated\">\n\t\t\t\t\t\t<div class=\"elementor-element elementor-element-b6fc5a0 elementor-widget elementor-widget-text-editor\" data-id=\"b6fc5a0\" data-element_type=\"widget\" data-widget_type=\"text-editor.default\">\n\t\t\t\t<div class=\"elementor-widget-container\">\n\t\t\t\t\t\t\t<p><b>Completa el formulario y env\u00eda tu mensaje\u00a0<\/b><b>o contacta a trav\u00e9s de<\/b><\/p><p><b>Tel\u00e9fonos:<\/b><\/p><p><b>33-3823-6572 |<\/b><b>\u00a0<\/b><b>33-3824-8561<\/b><\/p><p><b>Correo:\u00a0<\/b><\/p><p><b>atencion@upn141.edu.mx<\/b><\/p><p><b>\u00a0<\/b><\/p>\t\t\t\t\t\t<\/div>\n\t\t\t\t<\/div>\n\t\t\t\t<div class=\"elementor-element elementor-element-6dd48cae elementor-widget elementor-widget-heading\" data-id=\"6dd48cae\" data-element_type=\"widget\" data-widget_type=\"heading.default\">\n\t\t\t\t<div class=\"elementor-widget-container\">\n\t\t\t<h6 class=\"elementor-heading-title elementor-size-default\">Lun - Vie: 8:00 - 20:00 | S\u00e1b: 8:00 - 14:00<\/h6>\t\t<\/div>\n\t\t\t\t<\/div>\n\t\t\t\t<div class=\"elementor-element elementor-element-57576ddc e-grid-align-left elementor-shape-rounded elementor-grid-0 elementor-widget elementor-widget-social-icons\" data-id=\"57576ddc\" data-element_type=\"widget\" data-widget_type=\"social-icons.default\">\n\t\t\t\t<div class=\"elementor-widget-container\">\n\t\t\t\t\t<div class=\"elementor-social-icons-wrapper elementor-grid\">\n\t\t\t\t\t\t\t<span class=\"elementor-grid-item\">\n\t\t\t\t\t<a class=\"elementor-icon elementor-social-icon elementor-social-icon-facebook-f elementor-animation-grow elementor-repeater-item-2d0da0c\" href=\"https:\/\/www.facebook.com\/Upn141gdl\" target=\"_blank\">\n\t\t\t\t\t\t<span class=\"elementor-screen-only\">Facebook-f<\/span>\n\t\t\t\t\t\t<i class=\"fab fa-facebook-f\"><\/i>\t\t\t\t\t<\/a>\n\t\t\t\t<\/span>\n\t\t\t\t\t\t\t<span class=\"elementor-grid-item\">\n\t\t\t\t\t<a class=\"elementor-icon elementor-social-icon elementor-social-icon- elementor-animation-grow elementor-repeater-item-914746e\" href=\"https:\/\/www.edmodo.com\/?language=es\" target=\"_blank\">\n\t\t\t\t\t\t<span class=\"elementor-screen-only\"><\/span>\n\t\t\t\t\t\t<svg xmlns=\"http:\/\/www.w3.org\/2000\/svg\" width=\"948.000000pt\" height=\"1024.000000pt\" viewBox=\"0 0 948.000000 1024.000000\" preserveAspectRatio=\"xMidYMid meet\"><metadata>Created by potrace 1.16, written by Peter Selinger 2001-2019<\/metadata><g transform=\"translate(0.000000,1024.000000) scale(0.100000,-0.100000)\" fill=\"#000000\" stroke=\"none\"><path d=\"M4130 10114 c-1809 -52 -2850 -281 -3277 -722 -245 -251 -436 -743 -547 -1407 -206 -1229 -190 -3135 35 -4260 92 -456 238 -852 398 -1076 209 -292 528 -470 1096 -613 317 -79 631 -129 1172 -185 l93 -10 358 -363 c197 -200 567 -576 822 -835 256 -260 467 -473 470 -473 3 0 228 226 500 503 272 276 642 652 823 835 l330 333 196 19 c765 78 1328 208 1703 396 261 130 427 289 563 539 333 615 500 1769 482 3345 -6 507 -12 654 -42 1040 -90 1140 -323 1912 -678 2246 -407 384 -1301 596 -2847 675 -199 10 -1420 20 -1650 13z m1225 -504 c1532 -47 2432 -246 2805 -619 199 -200 358 -570 459 -1073 48 -235 78 -454 116 -840 l6 -56 -103 -6 c-57 -3 -245 -8 -418 -11 -173 -3 -421 -8 -550 -11 l-235 -6 -24 76 c-51 163 -163 358 -294 509 -192 221 -506 398 -812 458 -95 19 -455 19 -550 0 -191 -37 -414 -133 -570 -242 -157 -112 -323 -293 -415 -454 l-32 -56 -37 61 c-146 243 -359 441 -606 563 -116 58 -206 90 -336 119 -91 20 -130 23 -314 23 -231 0 -298 -10 -468 -67 -213 -71 -391 -182 -557 -348 -169 -168 -276 -336 -351 -549 l-32 -93 -276 7 c-152 3 -442 10 -644 14 -202 5 -370 10 -372 12 -13 14 60 591 106 834 104 550 260 924 475 1139 324 324 1048 514 2244 591 504 33 1217 43 1785 25z m-1749 -1995 c415 -72 739 -368 845 -773 27 -101 36 -296 19 -399 -36 -226 -135 -420 -294 -578 -96 -96 -176 -152 -300 -211 -154 -72 -233 -89 -431 -89 -146 0 -182 4 -255 23 -274 74 -506 254 -645 498 -161 282 -178 637 -45 930 191 423 659 676 1106 599z m2675 -19 c425 -108 732 -465 780 -906 18 -169 -16 -366 -91 -527 -140 -300 -415 -518 -740 -585 -124 -26 -335 -21 -452 10 -301 81 -543 279 -679 557 -139 285 -141 606 -4 891 150 312 444 529 791 584 99 15 287 4 395 -24z m-4906 -1171 c149 -3 349 -8 445 -11 l176 -7 11 -71 c74 -457 415 -890 853 -1081 200 -88 349 -118 580 -119 258 -1 423 36 645 144 273 132 475 323 640 604 8 15 22 -2 84 -96 87 -133 260 -312 384 -396 161 -111 349 -191 551 -234 123 -26 404 -31 526 -9 598 108 1071 566 1191 1154 11 56 21 103 22 104 2 1 187 7 412 12 226 6 514 13 641 16 l231 6 6 -92 c10 -136 8 -618 -3 -904 -53 -1334 -252 -2147 -614 -2511 -112 -113 -254 -199 -460 -279 -350 -137 -941 -253 -1484 -291 l-92 -7 -647 -669 c-357 -368 -665 -688 -685 -711 l-37 -42 -308 310 c-169 171 -486 490 -703 709 l-395 399 -260 28 c-919 99 -1486 278 -1761 555 -281 283 -469 865 -559 1724 -44 425 -74 1187 -60 1563 l7 219 197 -6 c108 -3 318 -8 466 -11z\"><\/path><path d=\"M3382 6680 c-131 -47 -232 -182 -250 -334 -24 -192 58 -365 210 -446 84 -45 193 -53 280 -21 105 40 186 124 233 241 27 68 32 206 10 286 -47 175 -193 294 -360 293 -44 0 -90 -7 -123 -19z\"><\/path><path d=\"M5842 6679 c-73 -29 -164 -115 -202 -192 -88 -181 -51 -400 90 -530 81 -75 147 -100 255 -95 98 4 170 35 239 105 217 220 137 620 -143 718 -62 21 -174 19 -239 -6z\"><\/path><path d=\"M3420 4388 c-92 -47 -125 -97 -125 -186 0 -135 92 -252 312 -399 371 -248 732 -352 1183 -340 269 7 467 45 690 134 293 116 603 337 670 478 34 70 39 159 11 212 -59 116 -224 168 -342 108 -71 -35 -122 -72 -249 -179 -116 -98 -199 -148 -310 -186 -314 -107 -762 -103 -1072 10 -106 39 -170 79 -313 199 -60 51 -141 111 -180 134 -60 37 -78 42 -140 45 -64 4 -76 1 -135 -30z\"><\/path><\/g><\/svg>\t\t\t\t\t<\/a>\n\t\t\t\t<\/span>\n\t\t\t\t\t\t\t<span class=\"elementor-grid-item\">\n\t\t\t\t\t<a class=\"elementor-icon elementor-social-icon elementor-social-icon- elementor-animation-grow elementor-repeater-item-8a28a95\" href=\"http:\/\/upn141.edu.mx\/moodle\/\" target=\"_blank\">\n\t\t\t\t\t\t<span class=\"elementor-screen-only\"><\/span>\n\t\t\t\t\t\t<svg xmlns=\"http:\/\/www.w3.org\/2000\/svg\" width=\"1600.000000pt\" height=\"1600.000000pt\" viewBox=\"0 0 1600.000000 1600.000000\" preserveAspectRatio=\"xMidYMid meet\"><metadata>Created by potrace 1.16, written by Peter Selinger 2001-2019<\/metadata><g transform=\"translate(0.000000,1600.000000) scale(0.100000,-0.100000)\" fill=\"#000000\" stroke=\"none\"><path d=\"M4890 12604 c-57 -36 -108 -66 -114 -67 -6 -1 -15 -7 -21 -14 -5 -6 -779 -501 -1720 -1100 l-1710 -1088 1281 -3 1281 -2 -19 -88 c-62 -283 -84 -617 -54 -811 9 -57 13 -107 10 -112 -3 -5 -1 -9 4 -9 4 0 14 -23 21 -51 30 -115 122 -259 166 -259 23 0 22 -4 -40 -132 -152 -314 -241 -619 -297 -1018 -8 -63 -12 -628 -15 -2137 l-4 -2053 1005 0 1006 0 3 2168 c3 2384 -2 2188 62 2378 47 139 141 298 238 401 l49 52 80 -35 c134 -57 334 -161 494 -255 218 -129 312 -156 435 -125 179 46 272 186 314 471 10 66 21 126 24 132 15 29 219 -122 321 -235 85 -95 134 -169 192 -289 61 -126 96 -262 108 -418 6 -69 10 -990 10 -2182 l0 -2063 1000 0 1000 0 0 2063 c0 1192 4 2113 10 2182 22 280 124 515 311 718 140 152 350 279 554 334 92 25 116 27 290 27 177 1 197 -1 288 -27 54 -15 135 -43 180 -63 286 -126 534 -395 632 -688 64 -190 59 6 62 -2379 l3 -2167 1005 0 1005 0 0 1963 c0 1252 -4 2013 -10 2102 -20 261 -71 520 -151 764 -260 788 -831 1455 -1571 1834 -483 247 -986 360 -1537 344 -456 -13 -860 -111 -1266 -306 -274 -132 -577 -335 -756 -508 l-47 -45 -92 81 c-199 175 -438 335 -672 449 -75 37 -137 70 -137 74 -1 4 53 64 120 133 l121 125 -42 82 c-90 176 -241 369 -439 561 -68 66 -121 120 -119 122 2 1 433 276 958 610 525 334 959 611 965 616 5 5 -946 9 -2331 9 l-2341 0 -103 -66z\"><\/path><path d=\"M1952 7330 c-19 -4 -58 -25 -89 -46 -166 -114 -296 -457 -348 -914 -20 -180 -20 -562 0 -740 29 -252 75 -449 144 -617 50 -121 94 -194 156 -258 64 -65 114 -90 185 -90 71 0 121 25 185 90 129 132 230 403 286 760 30 199 38 639 15 845 -44 381 -124 646 -251 826 -49 68 -132 131 -191 145 -44 10 -47 10 -92 -1z\"><\/path><\/g><\/svg>\t\t\t\t\t<\/a>\n\t\t\t\t<\/span>\n\t\t\t\t\t<\/div>\n\t\t\t\t<\/div>\n\t\t\t\t<\/div>\n\t\t\t\t\t<\/div>\n\t\t<\/div>\n\t\t\t\t<div class=\"elementor-column elementor-col-50 elementor-inner-column elementor-element elementor-element-51521a80\" data-id=\"51521a80\" data-element_type=\"column\">\n\t\t\t<div class=\"elementor-widget-wrap elementor-element-populated\">\n\t\t\t\t\t\t<div class=\"elementor-element elementor-element-409ccb03 elementor-button-align-start elementor-widget elementor-widget-form\" data-id=\"409ccb03\" data-element_type=\"widget\" data-settings=\"{&quot;step_next_label&quot;:&quot;Next&quot;,&quot;step_previous_label&quot;:&quot;Previous&quot;,&quot;button_width&quot;:&quot;100&quot;,&quot;step_type&quot;:&quot;number_text&quot;,&quot;step_icon_shape&quot;:&quot;circle&quot;}\" data-widget_type=\"form.default\">\n\t\t\t\t<div class=\"elementor-widget-container\">\n\t\t\t\t\t<form class=\"elementor-form\" method=\"post\" name=\"Contact\">\n\t\t\t<input type=\"hidden\" name=\"post_id\" value=\"6\"\/>\n\t\t\t<input type=\"hidden\" name=\"form_id\" value=\"409ccb03\"\/>\n\t\t\t<input type=\"hidden\" name=\"referer_title\" value=\"\" \/>\n\n\t\t\t\n\t\t\t<div class=\"elementor-form-fields-wrapper elementor-labels-\">\n\t\t\t\t\t\t\t\t<div class=\"elementor-field-type-text elementor-field-group elementor-column elementor-field-group-name elementor-col-100 elementor-field-required\">\n\t\t\t\t\t\t\t\t\t\t\t\t<label for=\"form-field-name\" class=\"elementor-field-label elementor-screen-only\">\n\t\t\t\t\t\t\t\tNombre\t\t\t\t\t\t\t<\/label>\n\t\t\t\t\t\t\t\t\t\t\t\t\t\t<input size=\"1\" type=\"text\" name=\"form_fields[name]\" id=\"form-field-name\" class=\"elementor-field elementor-size-sm  elementor-field-textual\" placeholder=\"Nombre completo\" required=\"required\" aria-required=\"true\">\n\t\t\t\t\t\t\t\t\t\t\t<\/div>\n\t\t\t\t\t\t\t\t<div class=\"elementor-field-type-email elementor-field-group elementor-column elementor-field-group-email elementor-col-100 elementor-field-required\">\n\t\t\t\t\t\t\t\t\t\t\t\t<label for=\"form-field-email\" class=\"elementor-field-label elementor-screen-only\">\n\t\t\t\t\t\t\t\tCorreo\t\t\t\t\t\t\t<\/label>\n\t\t\t\t\t\t\t\t\t\t\t\t\t\t<input size=\"1\" type=\"email\" name=\"form_fields[email]\" id=\"form-field-email\" class=\"elementor-field elementor-size-sm  elementor-field-textual\" placeholder=\"Correo\" required=\"required\" aria-required=\"true\">\n\t\t\t\t\t\t\t\t\t\t\t<\/div>\n\t\t\t\t\t\t\t\t<div class=\"elementor-field-type-tel elementor-field-group elementor-column elementor-field-group-field_b503fc1 elementor-col-100 elementor-field-required\">\n\t\t\t\t\t\t\t\t\t\t\t\t<label for=\"form-field-field_b503fc1\" class=\"elementor-field-label elementor-screen-only\">\n\t\t\t\t\t\t\t\tTelefono\t\t\t\t\t\t\t<\/label>\n\t\t\t\t\t\t\t\t<input size=\"1\" type=\"tel\" name=\"form_fields[field_b503fc1]\" id=\"form-field-field_b503fc1\" class=\"elementor-field elementor-size-sm  elementor-field-textual\" placeholder=\"Tel\u00e9fono\" required=\"required\" aria-required=\"true\" pattern=\"[0-9()#&amp;+*-=.]+\" title=\"Only numbers and phone characters (#, -, *, etc) are accepted.\">\n\n\t\t\t\t\t\t<\/div>\n\t\t\t\t\t\t\t\t<div class=\"elementor-field-type-text elementor-field-group elementor-column elementor-field-group-message elementor-col-100 elementor-field-required\">\n\t\t\t\t\t\t\t\t\t\t\t\t<label for=\"form-field-message\" class=\"elementor-field-label elementor-screen-only\">\n\t\t\t\t\t\t\t\tPrograma\t\t\t\t\t\t\t<\/label>\n\t\t\t\t\t\t\t\t\t\t\t\t\t\t<input size=\"1\" type=\"text\" name=\"form_fields[message]\" id=\"form-field-message\" class=\"elementor-field elementor-size-sm  elementor-field-textual\" placeholder=\"Programa de inter\u00e9s\" required=\"required\" aria-required=\"true\">\n\t\t\t\t\t\t\t\t\t\t\t<\/div>\n\t\t\t\t\t\t\t\t<div class=\"elementor-field-type-textarea elementor-field-group elementor-column elementor-field-group-field_5c4deff elementor-col-100 elementor-field-required\">\n\t\t\t\t\t\t\t\t\t\t\t\t<label for=\"form-field-field_5c4deff\" class=\"elementor-field-label elementor-screen-only\">\n\t\t\t\t\t\t\t\tMensaje\t\t\t\t\t\t\t<\/label>\n\t\t\t\t\t\t<textarea class=\"elementor-field-textual elementor-field  elementor-size-sm\" name=\"form_fields[field_5c4deff]\" id=\"form-field-field_5c4deff\" rows=\"4\" placeholder=\"Mensaje\" required=\"required\" aria-required=\"true\"><\/textarea>\t\t\t\t<\/div>\n\t\t\t\t\t\t\t\t<div class=\"elementor-field-group elementor-column elementor-field-type-submit elementor-col-100 e-form__buttons\">\n\t\t\t\t\t<button type=\"submit\" class=\"elementor-button elementor-size-xs\">\n\t\t\t\t\t\t<span >\n\t\t\t\t\t\t\t\t\t\t\t\t\t\t\t<span class=\" elementor-button-icon\">\n\t\t\t\t\t\t\t\t\t\t\t\t\t\t\t\t\t\t\t\t\t\t\t\t\t\t<\/span>\n\t\t\t\t\t\t\t\t\t\t\t\t\t\t\t\t\t\t\t\t\t\t<span class=\"elementor-button-text\">ENVIAR MENSAJE<\/span>\n\t\t\t\t\t\t\t\t\t\t\t\t\t<\/span>\n\t\t\t\t\t<\/button>\n\t\t\t\t<\/div>\n\t\t\t<\/div>\n\t\t<\/form>\n\t\t\t\t<\/div>\n\t\t\t\t<\/div>\n\t\t\t\t\t<\/div>\n\t\t<\/div>\n\t\t\t\t\t<\/div>\n\t\t<\/section>\n\t\t\t\t\t<\/div>\n\t\t<\/div>\n\t\t\t\t\t<\/div>\n\t\t<\/section>\n\t\t\t\t<\/div>\n\t\t","protected":false},"excerpt":{"rendered":"<p>Bienvenid@ La Universidad Pedag\u00f3gica Nacional es una instituci\u00f3n p\u00fablica de educaci\u00f3n superior con vocaci\u00f3n nacional y plena autonom\u00eda acad\u00e9mica; se orienta a la formaci\u00f3n y desarrollo de profesionales de la educaci\u00f3n y a la generaci\u00f3n de conocimiento de acuerdo con las necesidades del pa\u00eds considerando la diversidad sociocultural. A partir de sus funciones sustantivas se [&hellip;]<\/p>\n","protected":false},"author":1,"featured_media":0,"parent":0,"menu_order":0,"comment_status":"closed","ping_status":"closed","template":"elementor_header_footer","meta":{"footnotes":""},"_links":{"self":[{"href":"https:\/\/upn141.edu.mx\/index.php\/wp-json\/wp\/v2\/pages\/6"}],"collection":[{"href":"https:\/\/upn141.edu.mx\/index.php\/wp-json\/wp\/v2\/pages"}],"about":[{"href":"https:\/\/upn141.edu.mx\/index.php\/wp-json\/wp\/v2\/types\/page"}],"author":[{"embeddable":true,"href":"https:\/\/upn141.edu.mx\/index.php\/wp-json\/wp\/v2\/users\/1"}],"replies":[{"embeddable":true,"href":"https:\/\/upn141.edu.mx\/index.php\/wp-json\/wp\/v2\/comments?post=6"}],"version-history":[{"count":272,"href":"https:\/\/upn141.edu.mx\/index.php\/wp-json\/wp\/v2\/pages\/6\/revisions"}],"predecessor-version":[{"id":1500,"href":"https:\/\/upn141.edu.mx\/index.php\/wp-json\/wp\/v2\/pages\/6\/revisions\/1500"}],"wp:attachment":[{"href":"https:\/\/upn141.edu.mx\/index.php\/wp-json\/wp\/v2\/media?parent=6"}],"curies":[{"name":"wp","href":"https:\/\/api.w.org\/{rel}","templated":true}]}}