{"id":326,"date":"2020-06-17T17:48:58","date_gmt":"2020-06-17T17:48:58","guid":{"rendered":"http:\/\/upn141.edu.mx\/?page_id=326"},"modified":"2025-02-13T10:46:19","modified_gmt":"2025-02-13T10:46:19","slug":"mas-estudios-de-genero-sociedad-y-cultura","status":"publish","type":"page","link":"https:\/\/upn141.edu.mx\/index.php\/mas-estudios-de-genero-sociedad-y-cultura\/","title":{"rendered":"Mas. Estudios de G\u00e9nero, Sociedad y Cultura"},"content":{"rendered":"\t\t<div data-elementor-type=\"wp-page\" data-elementor-id=\"326\" class=\"elementor elementor-326\" data-elementor-post-type=\"page\">\n\t\t\t\t\t\t<section class=\"elementor-section elementor-top-section elementor-element elementor-element-19d51d9d elementor-section-boxed elementor-section-height-default elementor-section-height-default\" data-id=\"19d51d9d\" data-element_type=\"section\">\n\t\t\t\t\t\t<div class=\"elementor-container elementor-column-gap-default\">\n\t\t\t\t\t<div class=\"elementor-column elementor-col-100 elementor-top-column elementor-element elementor-element-2d4c9158\" data-id=\"2d4c9158\" data-element_type=\"column\">\n\t\t\t<div class=\"elementor-widget-wrap elementor-element-populated\">\n\t\t\t\t\t\t<div class=\"elementor-element elementor-element-59beaee5 elementor-widget elementor-widget-heading\" data-id=\"59beaee5\" data-element_type=\"widget\" data-widget_type=\"heading.default\">\n\t\t\t\t<div class=\"elementor-widget-container\">\n\t\t\t<h1 class=\"elementor-heading-title elementor-size-default\">Maestr\u00eda en Estudios en G\u00e9nero, Sociedad y Cultura<\/h1>\t\t<\/div>\n\t\t\t\t<\/div>\n\t\t\t\t<div class=\"elementor-element elementor-element-6566c049 elementor-widget elementor-widget-text-editor\" data-id=\"6566c049\" data-element_type=\"widget\" data-widget_type=\"text-editor.default\">\n\t\t\t\t<div class=\"elementor-widget-container\">\n\t\t\t\t\t\t\t<p>La Maestr\u00eda en Estudios en G\u00e9nero Sociedad y Cultura responde a la necesidad de contar con perfiles altamente especializados, tanto dentro de la administraci\u00f3n p\u00fablica como en el sector privado y la sociedad civil, a fin de realizar diagn\u00f3sticos precisos que alimenten el dise\u00f1o de propuestas de programas, proyectos y acciones espec\u00edficas que remonten las brechas de desigualdad entre mujeres y hombres, la discriminaci\u00f3n y violaci\u00f3n de derechos humanos que viven las personas por su condici\u00f3n de sexo, etnia, edad, preferencia sexual.<\/p><p>Se trata de un programa profesionalizante en modalidad escolarizada con una duraci\u00f3n de cuatro semestres.<\/p><p><b>Objetivo general<\/b><\/p><p>Formar profesionales con perspectiva de g\u00e9nero que cuenten con elementos te\u00f3ricos y metodol\u00f3gicos, que les permitan la investigaci\u00f3n y reflexi\u00f3n cr\u00edtica para generar proyectos de intervenci\u00f3n en el \u00e1mbito social y educativo en aras de colaborar en la construcci\u00f3n de una sociedad incluyente y justa.<\/p><p><b>Perfil de Egreso<\/b><\/p><p>Los conocimientos habilidades y actitudes que las egresadas y egresados de la Maestr\u00eda en G\u00e9nero Sociedad y Cultura deben haber adquirido son los siguientes:<\/p><p><b>Conocimientos:<\/b><\/p><ul><li>Conocen las teor\u00edas de las diferentes corrientes feministas y de la perspectiva de g\u00e9nero, los discursos y debates en sexualidad, derechos humanos, ciudadan\u00eda, desigualdades sociales y pol\u00edticas p\u00fablicas para la igualdad.<\/li><li>Utilizan la perspectiva de g\u00e9nero como herramienta anal\u00edtica en las ciencias sociales y humanas.<\/li><li>\u00a0Poseen las herramientas conceptuales y metodol\u00f3gicas necesarias para realizar diagn\u00f3sticos con perspectiva de g\u00e9nero, en el campo de las ciencias sociales con \u00e9nfasis en sexualidad, derechos humanos, desigualdades sociales, desarrollo y pol\u00edticas p\u00fablicas.<\/li><\/ul><div>\u00a0<\/div><p><b>Habilidades:<\/b><\/p><ul><li>Identifican problem\u00e1ticas relacionadas con la exclusi\u00f3n, discriminaci\u00f3n y dominaci\u00f3n desde la perspectiva de g\u00e9nero, tanto en sus contextos laborales como en lo social en general.<\/li><li>Dise\u00f1an, implementan y eval\u00faan pol\u00edticas, proyectos y programas dirigidos a las mujeres o con perspectiva de g\u00e9nero, para lograr transformaciones sociales y culturales.<\/li><li>Participan en \u00e1mbitos como la docencia, la investigaci\u00f3n y proyectos de intervenci\u00f3n social, dise\u00f1o de programas, proyectos y pol\u00edticas p\u00fablicas en el \u00e1mbito municipal, estatal y nacional.<\/li><\/ul><div>\u00a0<\/div><p><b>Actitudes:<\/b><\/p><ul><li>Es sensible a las condiciones de injusticia, opresi\u00f3n, discriminaci\u00f3n y violencia de g\u00e9nero, tanto en su entorno como en la sociedad.<\/li><li>Est\u00e1 comprometido con la responsabilidad de construir una sociedad igualitaria y justa.<\/li><li>Tiene iniciativa y liderazgo para generar propuestas de cambio.<\/li><li>Es promotor del respeto a todos los derechos humanos.<\/li><li>Utilizan pertinentemente la teor\u00eda de las diferentes corrientes feministas y de la perspectiva de g\u00e9nero, los discursos y debates en sexualidad, derechos humanos, ciudadan\u00eda, desigualdades sociales y pol\u00edticas p\u00fablicas para la igualdad y producen conocimiento en estas \u00e1reas.<\/li><li>Utilizan la perspectiva de g\u00e9nero como herramienta anal\u00edtica en las ciencias sociales y humanas.<\/li><li>Poseen las herramientas necesarias para realizar proyectos de investigaci\u00f3n con perspectiva de g\u00e9nero, en el campo de las ciencias sociales con \u00e9nfasis en sexualidad, derechos humanos, desigualdades sociales, desarrollo y pol\u00edticas p\u00fablicas.<\/li><li>Dise\u00f1an, implementan y eval\u00faan pol\u00edticas, proyectos y programas dirigidos a las mujeres o con perspectiva de g\u00e9nero, para lograr transformaciones sociales y culturales.<\/li><li>Participan en \u00e1mbitos como la docencia, la investigaci\u00f3n y proyectos de intervenci\u00f3n social, dise\u00f1o de programas, proyectos y pol\u00edticas p\u00fablicas en el \u00e1mbito municipal, estatal y nacional.<\/li><\/ul><p><strong>Mapa Curricular:<\/strong> <a href=\"https:\/\/drive.google.com\/file\/d\/18UJwW2yjxfidjA3xV_dTwuEVH-0idBTh\/view?usp=drive_link\" target=\"_blank\" rel=\"noopener\">Da clic aqu\u00ed.<\/a><\/p><p><strong>Modalidad:<\/strong> Presencial.<\/p><p><strong>Horarios:<\/strong><\/p><p>Martes y jueves de 18 a 21 horas y s\u00e1bados de 10 a 14 horas.\u00a0<\/p><p><b>Requisitos de Ingreso<\/b><\/p><ul><li><span lang=\"ES\">T\u00edtulo\u00a0de\u00a0Licenciatura<\/span><b><span lang=\"ES\">,\u00a0<\/span><\/b><span lang=\"ES\">c\u00e9dula<wbr \/>\u00a0profesional\u00a0o\u00a0acta\u00a0de\u00a0<\/span><span lang=\"ES\">examen profesional legalizada (provisional).<\/span><\/li><li><span lang=\"ES\">Certificado de Licenciatura (legalizado) con promedio\u00a0<\/span><span lang=\"ES\">m\u00ednimo de 7.<\/span><\/li><li><span lang=\"ES\">Acta de nacimiento copia fiel del libro, expedida durante\u00a0<\/span><span lang=\"ES\">el presente a\u00f1o.<\/span><\/li><li><span lang=\"ES\">Clave<\/span><span lang=\"ES\">\u00a0<\/span><span lang=\"ES\">\u00danica<\/span><span lang=\"ES\">\u00a0<\/span><span lang=\"ES\">de<\/span><span lang=\"ES\">\u00a0<\/span><span lang=\"ES\">Registro<\/span><span lang=\"ES\">\u00a0<\/span><span lang=\"ES\">de<\/span><span lang=\"ES\">\u00a0<\/span><span lang=\"ES\">Pob<wbr \/>laci\u00f3n<\/span><span lang=\"ES\">\u00a0<\/span><span lang=\"ES\">(CURP).<\/span><\/li><li><span lang=\"ES\">Curr\u00edculum<\/span><span lang=\"ES\">\u00a0<\/span><span lang=\"ES\">vitae<\/span><span lang=\"ES\">\u00a0<\/span><span lang=\"ES\">con<\/span><span lang=\"ES\">\u00a0<\/span><span lang=\"ES\">fotograf<wbr \/>\u00eda.<\/span><\/li><li><span lang=\"ES\">Carta<\/span><span lang=\"ES\">\u00a0<\/span><span lang=\"ES\">de<\/span><span lang=\"ES\">\u00a0<\/span><span lang=\"ES\">exposici\u00f3n<\/span><span lang=\"ES\">\u00a0<\/span><span lang=\"ES\">de<\/span><span lang=\"ES\">\u00a0<\/span><span lang=\"ES\">motivos<\/span><span lang=\"ES\"><wbr \/>\u00a0<\/span><span lang=\"ES\">(m\u00e1ximo<\/span><span lang=\"ES\">\u00a0<\/span><span lang=\"ES\">dos<\/span><span lang=\"ES\">\u00a0<\/span><span lang=\"ES\">cuartillas).<\/span><\/li><li><span lang=\"ES\">Anteproyecto\u00a0de\u00a0intervenci\u00f3n\u00a0<wbr \/>o\u00a0investigaci\u00f3n\u00a0aplicada\u00a0<\/span><span lang=\"ES\">vincu<wbr \/>lado con uno de los campos formativos del\u00a0programa.<\/span><\/li><li><span lang=\"ES\">Identificaci\u00f3n<\/span><span lang=\"ES\">\u00a0<\/span><span lang=\"ES\">oficial,<\/span><span lang=\"ES\">\u00a0<\/span><span lang=\"ES\">(INE<\/span><span lang=\"ES\">\u00a0<\/span><span lang=\"ES\"><wbr \/>o<\/span><span lang=\"ES\">\u00a0<\/span><span lang=\"ES\">Pasaporte)<\/span><\/li><li><span lang=\"ES\">Cuatro fotograf\u00edas tama\u00f1o credencial a color que ser\u00e1n\u00a0<\/span><span lang=\"ES\">entregadas\u00a0previa\u00a0cita.<\/span><\/li><\/ul><div>\u00a0<\/div><div><strong>Reg\u00edstrate para recibir m\u00e1s informaci\u00f3n:<\/strong><br \/><a href=\"https:\/\/forms.gle\/rZGHrJEde8wUmtsB9\">https:\/\/forms.gle\/rZGHrJEde8wUmtsB9<\/a><\/div><div>\u00a0<\/div><div><strong>Coordinadora del programa.<\/strong><\/div><div>\u00a0<\/div><div><div>Coordinadora del programa.<\/div><div>Mtra. Fabiola Sevilla Hern\u00e1ndez<\/div><div>fabiola.sevilla@upn141.edu.mx\u00a0 \u00a0 megsyc@upn141.edu.mx\u00a0<\/div><\/div>\t\t\t\t\t\t<\/div>\n\t\t\t\t<\/div>\n\t\t\t\t\t<\/div>\n\t\t<\/div>\n\t\t\t\t\t<\/div>\n\t\t<\/section>\n\t\t\t\t<\/div>\n\t\t","protected":false},"excerpt":{"rendered":"<p>Maestr\u00eda en Estudios en G\u00e9nero, Sociedad y Cultura La Maestr\u00eda en Estudios en G\u00e9nero Sociedad y Cultura responde a la necesidad de contar con perfiles altamente especializados, tanto dentro de la administraci\u00f3n p\u00fablica como en el sector privado y la sociedad civil, a fin de realizar diagn\u00f3sticos precisos que alimenten el dise\u00f1o de propuestas de [&hellip;]<\/p>\n","protected":false},"author":1,"featured_media":0,"parent":0,"menu_order":0,"comment_status":"closed","ping_status":"closed","template":"elementor_header_footer","meta":{"footnotes":""},"_links":{"self":[{"href":"https:\/\/upn141.edu.mx\/index.php\/wp-json\/wp\/v2\/pages\/326"}],"collection":[{"href":"https:\/\/upn141.edu.mx\/index.php\/wp-json\/wp\/v2\/pages"}],"about":[{"href":"https:\/\/upn141.edu.mx\/index.php\/wp-json\/wp\/v2\/types\/page"}],"author":[{"embeddable":true,"href":"https:\/\/upn141.edu.mx\/index.php\/wp-json\/wp\/v2\/users\/1"}],"replies":[{"embeddable":true,"href":"https:\/\/upn141.edu.mx\/index.php\/wp-json\/wp\/v2\/comments?post=326"}],"version-history":[{"count":29,"href":"https:\/\/upn141.edu.mx\/index.php\/wp-json\/wp\/v2\/pages\/326\/revisions"}],"predecessor-version":[{"id":1494,"href":"https:\/\/upn141.edu.mx\/index.php\/wp-json\/wp\/v2\/pages\/326\/revisions\/1494"}],"wp:attachment":[{"href":"https:\/\/upn141.edu.mx\/index.php\/wp-json\/wp\/v2\/media?parent=326"}],"curies":[{"name":"wp","href":"https:\/\/api.w.org\/{rel}","templated":true}]}}