{"id":140,"date":"2020-06-12T20:22:46","date_gmt":"2020-06-12T20:22:46","guid":{"rendered":"http:\/\/upn141.edu.mx\/?page_id=140"},"modified":"2024-03-21T21:43:25","modified_gmt":"2024-03-21T21:43:25","slug":"admisiones","status":"publish","type":"page","link":"https:\/\/upn141.edu.mx\/index.php\/admisiones\/","title":{"rendered":"Admisiones"},"content":{"rendered":"\t\t<div data-elementor-type=\"wp-page\" data-elementor-id=\"140\" class=\"elementor elementor-140\" data-elementor-post-type=\"page\">\n\t\t\t\t\t\t<section class=\"elementor-section elementor-top-section elementor-element elementor-element-4780e2ce elementor-section-height-min-height elementor-section-boxed elementor-section-height-default elementor-section-items-middle\" data-id=\"4780e2ce\" data-element_type=\"section\" data-settings=\"{&quot;background_background&quot;:&quot;classic&quot;}\">\n\t\t\t\t\t\t<div class=\"elementor-container elementor-column-gap-default\">\n\t\t\t\t\t<div class=\"elementor-column elementor-col-100 elementor-top-column elementor-element elementor-element-f4a58d7\" data-id=\"f4a58d7\" data-element_type=\"column\">\n\t\t\t<div class=\"elementor-widget-wrap elementor-element-populated\">\n\t\t\t\t\t\t<div class=\"elementor-element elementor-element-39e6dba1 elementor-widget elementor-widget-heading\" data-id=\"39e6dba1\" data-element_type=\"widget\" data-widget_type=\"heading.default\">\n\t\t\t\t<div class=\"elementor-widget-container\">\n\t\t\t<h1 class=\"elementor-heading-title elementor-size-default\">Admisiones<\/h1>\t\t<\/div>\n\t\t\t\t<\/div>\n\t\t\t\t\t<\/div>\n\t\t<\/div>\n\t\t\t\t\t<\/div>\n\t\t<\/section>\n\t\t\t\t<section class=\"elementor-section elementor-top-section elementor-element elementor-element-69532bf7 elementor-section-boxed elementor-section-height-default elementor-section-height-default\" data-id=\"69532bf7\" data-element_type=\"section\">\n\t\t\t\t\t\t<div class=\"elementor-container elementor-column-gap-default\">\n\t\t\t\t\t<div class=\"elementor-column elementor-col-100 elementor-top-column elementor-element elementor-element-6bd22b1b\" data-id=\"6bd22b1b\" data-element_type=\"column\">\n\t\t\t<div class=\"elementor-widget-wrap elementor-element-populated\">\n\t\t\t\t\t\t<div class=\"elementor-element elementor-element-1ad883df elementor-widget elementor-widget-text-editor\" data-id=\"1ad883df\" data-element_type=\"widget\" data-widget_type=\"text-editor.default\">\n\t\t\t\t<div class=\"elementor-widget-container\">\n\t\t\t\t\t\t\t<h1>Convocatorias calendario 2024-2<\/h1>\t\t\t\t\t\t<\/div>\n\t\t\t\t<\/div>\n\t\t\t\t<section class=\"elementor-section elementor-inner-section elementor-element elementor-element-3caac5e5 elementor-section-boxed elementor-section-height-default elementor-section-height-default\" data-id=\"3caac5e5\" data-element_type=\"section\">\n\t\t\t\t\t\t<div class=\"elementor-container elementor-column-gap-no\">\n\t\t\t\t\t<div class=\"elementor-column elementor-col-50 elementor-inner-column elementor-element elementor-element-3f428771\" data-id=\"3f428771\" data-element_type=\"column\">\n\t\t\t<div class=\"elementor-widget-wrap elementor-element-populated\">\n\t\t\t\t\t\t<div class=\"elementor-element elementor-element-4252c38 elementor-widget elementor-widget-spacer\" data-id=\"4252c38\" data-element_type=\"widget\" data-widget_type=\"spacer.default\">\n\t\t\t\t<div class=\"elementor-widget-container\">\n\t\t\t\t\t<div class=\"elementor-spacer\">\n\t\t\t<div class=\"elementor-spacer-inner\"><\/div>\n\t\t<\/div>\n\t\t\t\t<\/div>\n\t\t\t\t<\/div>\n\t\t\t\t<div class=\"elementor-element elementor-element-8a03cf6 elementor-widget elementor-widget-text-editor\" data-id=\"8a03cf6\" data-element_type=\"widget\" data-widget_type=\"text-editor.default\">\n\t\t\t\t<div class=\"elementor-widget-container\">\n\t\t\t\t\t\t\t<h3 style=\"font-family: Roboto, sans-serif; color: #212121;\">Carreras:<\/h3><h4 style=\"font-family: Roboto, sans-serif; color: #212121;\"><strong><a href=\"https:\/\/www.facebook.com\/photo\/?fbid=936246175171260&amp;set=a.529293152533233\" target=\"_blank\" rel=\"noopener\">Licenciatura en Pedagog\u00eda.<\/a><\/strong><\/h4><div>\u00a0<\/div><h3>Posgrados:<\/h3><h4><strong><a href=\"https:\/\/bit.ly\/ConvocatoriaEEGSyC\" target=\"_blank\" rel=\"noopener\">Especializaci\u00f3n en Estudios de G\u00e9nero.<\/a><\/strong><\/h4><h4><strong><a href=\"https:\/\/bit.ly\/ConvocatoriaMaestriaEducacion\" target=\"_blank\" rel=\"noopener\">Maestr\u00eda en Educaci\u00f3n.<\/a><\/strong><\/h4><div>\u00a0<\/div><h4 style=\"font-family: Roboto, sans-serif; color: #212121;\">\u00a0<\/h4><div><h4 style=\"font-family: Roboto, sans-serif; color: #212121;\">\u00a0<\/h4><h4 style=\"font-family: Roboto, sans-serif; color: #212121;\">\u00a0<\/h4><h4 style=\"font-family: Roboto, sans-serif; color: #212121;\">\u00a0<\/h4><h4 style=\"font-family: Roboto, sans-serif; color: #212121;\">\u00a0<\/h4><h4>\u00a0<\/h4><\/div>\t\t\t\t\t\t<\/div>\n\t\t\t\t<\/div>\n\t\t\t\t<div class=\"elementor-element elementor-element-3c7f489 elementor-widget-divider--separator-type-pattern elementor-widget-divider--no-spacing elementor-widget-divider--view-line elementor-widget elementor-widget-divider\" data-id=\"3c7f489\" data-element_type=\"widget\" data-widget_type=\"divider.default\">\n\t\t\t\t<div class=\"elementor-widget-container\">\n\t\t\t\t\t<div class=\"elementor-divider\" style=\"--divider-pattern-url: url(&quot;data:image\/svg+xml,%3Csvg xmlns=&#039;http:\/\/www.w3.org\/2000\/svg&#039; preserveAspectRatio=&#039;none&#039; overflow=&#039;visible&#039; height=&#039;100%&#039; viewBox=&#039;0 0 24 24&#039; fill=&#039;black&#039; stroke=&#039;none&#039;%3E%3Cpath d=&#039;M24,8v12H0V8H24z M24,4v1H0V4H24z&#039;\/%3E%3C\/svg%3E&quot;);\">\n\t\t\t<span class=\"elementor-divider-separator\">\n\t\t\t\t\t\t<\/span>\n\t\t<\/div>\n\t\t\t\t<\/div>\n\t\t\t\t<\/div>\n\t\t\t\t\t<\/div>\n\t\t<\/div>\n\t\t\t\t<div class=\"elementor-column elementor-col-50 elementor-inner-column elementor-element elementor-element-47082b5c\" data-id=\"47082b5c\" data-element_type=\"column\">\n\t\t\t<div class=\"elementor-widget-wrap elementor-element-populated\">\n\t\t\t\t\t\t<div class=\"elementor-element elementor-element-434c860e elementor-widget elementor-widget-image\" data-id=\"434c860e\" data-element_type=\"widget\" data-widget_type=\"image.default\">\n\t\t\t\t<div class=\"elementor-widget-container\">\n\t\t\t\t\t\t\t\t\t\t\t\t\t<img fetchpriority=\"high\" decoding=\"async\" width=\"1280\" height=\"720\" src=\"https:\/\/upn141.edu.mx\/wp-content\/uploads\/2020\/06\/blog-post-5-1.png\" class=\"attachment-1536x1536 size-1536x1536 wp-image-379\" alt=\"\" srcset=\"https:\/\/upn141.edu.mx\/wp-content\/uploads\/2020\/06\/blog-post-5-1.png 1280w, https:\/\/upn141.edu.mx\/wp-content\/uploads\/2020\/06\/blog-post-5-1-300x169.png 300w, https:\/\/upn141.edu.mx\/wp-content\/uploads\/2020\/06\/blog-post-5-1-1024x576.png 1024w, https:\/\/upn141.edu.mx\/wp-content\/uploads\/2020\/06\/blog-post-5-1-768x432.png 768w\" sizes=\"(max-width: 1280px) 100vw, 1280px\" \/>\t\t\t\t\t\t\t\t\t\t\t\t\t<\/div>\n\t\t\t\t<\/div>\n\t\t\t\t\t<\/div>\n\t\t<\/div>\n\t\t\t\t\t<\/div>\n\t\t<\/section>\n\t\t\t\t\t<\/div>\n\t\t<\/div>\n\t\t\t\t\t<\/div>\n\t\t<\/section>\n\t\t\t\t<\/div>\n\t\t","protected":false},"excerpt":{"rendered":"<p>Admisiones Convocatorias calendario 2024-2 Carreras: Licenciatura en Pedagog\u00eda. \u00a0 Posgrados: Especializaci\u00f3n en Estudios de G\u00e9nero. Maestr\u00eda en Educaci\u00f3n. \u00a0 \u00a0 \u00a0 \u00a0 \u00a0 \u00a0 \u00a0<\/p>\n","protected":false},"author":1,"featured_media":0,"parent":0,"menu_order":0,"comment_status":"closed","ping_status":"closed","template":"elementor_header_footer","meta":{"footnotes":""},"_links":{"self":[{"href":"https:\/\/upn141.edu.mx\/index.php\/wp-json\/wp\/v2\/pages\/140"}],"collection":[{"href":"https:\/\/upn141.edu.mx\/index.php\/wp-json\/wp\/v2\/pages"}],"about":[{"href":"https:\/\/upn141.edu.mx\/index.php\/wp-json\/wp\/v2\/types\/page"}],"author":[{"embeddable":true,"href":"https:\/\/upn141.edu.mx\/index.php\/wp-json\/wp\/v2\/users\/1"}],"replies":[{"embeddable":true,"href":"https:\/\/upn141.edu.mx\/index.php\/wp-json\/wp\/v2\/comments?post=140"}],"version-history":[{"count":69,"href":"https:\/\/upn141.edu.mx\/index.php\/wp-json\/wp\/v2\/pages\/140\/revisions"}],"predecessor-version":[{"id":1235,"href":"https:\/\/upn141.edu.mx\/index.php\/wp-json\/wp\/v2\/pages\/140\/revisions\/1235"}],"wp:attachment":[{"href":"https:\/\/upn141.edu.mx\/index.php\/wp-json\/wp\/v2\/media?parent=140"}],"curies":[{"name":"wp","href":"https:\/\/api.w.org\/{rel}","templated":true}]}}