{"id":115,"date":"2020-06-12T19:10:07","date_gmt":"2020-06-12T19:10:07","guid":{"rendered":"http:\/\/upn141.edu.mx\/?page_id=115"},"modified":"2024-03-21T23:53:08","modified_gmt":"2024-03-21T23:53:08","slug":"estudiar","status":"publish","type":"page","link":"https:\/\/upn141.edu.mx\/index.php\/estudiar\/","title":{"rendered":"Estudiar"},"content":{"rendered":"\t\t<div data-elementor-type=\"wp-page\" data-elementor-id=\"115\" class=\"elementor elementor-115\" data-elementor-post-type=\"page\">\n\t\t\t\t\t\t<section class=\"elementor-section elementor-top-section elementor-element elementor-element-70d09377 elementor-section-height-min-height elementor-section-boxed elementor-section-height-default elementor-section-items-middle\" data-id=\"70d09377\" data-element_type=\"section\" data-settings=\"{&quot;background_background&quot;:&quot;classic&quot;}\">\n\t\t\t\t\t\t<div class=\"elementor-container elementor-column-gap-default\">\n\t\t\t\t\t<div class=\"elementor-column elementor-col-100 elementor-top-column elementor-element elementor-element-16df6b19\" data-id=\"16df6b19\" data-element_type=\"column\">\n\t\t\t<div class=\"elementor-widget-wrap elementor-element-populated\">\n\t\t\t\t\t\t<div class=\"elementor-element elementor-element-40c0efaa elementor-widget elementor-widget-heading\" data-id=\"40c0efaa\" data-element_type=\"widget\" data-widget_type=\"heading.default\">\n\t\t\t\t<div class=\"elementor-widget-container\">\n\t\t\t<h1 class=\"elementor-heading-title elementor-size-default\">Oferta Educativa<\/h1>\t\t<\/div>\n\t\t\t\t<\/div>\n\t\t\t\t\t<\/div>\n\t\t<\/div>\n\t\t\t\t\t<\/div>\n\t\t<\/section>\n\t\t\t\t<section class=\"elementor-section elementor-top-section elementor-element elementor-element-4b5e645 elementor-section-content-middle elementor-section-boxed elementor-section-height-default elementor-section-height-default\" data-id=\"4b5e645\" data-element_type=\"section\">\n\t\t\t\t\t\t<div class=\"elementor-container elementor-column-gap-no\">\n\t\t\t\t\t<div class=\"elementor-column elementor-col-100 elementor-top-column elementor-element elementor-element-a4d4ca0\" data-id=\"a4d4ca0\" data-element_type=\"column\">\n\t\t\t<div class=\"elementor-widget-wrap elementor-element-populated\">\n\t\t\t\t\t\t<div class=\"elementor-element elementor-element-7566ab3 elementor-widget elementor-widget-heading\" data-id=\"7566ab3\" data-element_type=\"widget\" data-widget_type=\"heading.default\">\n\t\t\t\t<div class=\"elementor-widget-container\">\n\t\t\t<h2 class=\"elementor-heading-title elementor-size-default\">Licenciaturas<\/h2>\t\t<\/div>\n\t\t\t\t<\/div>\n\t\t\t\t<section class=\"elementor-section elementor-inner-section elementor-element elementor-element-8634eca elementor-section-boxed elementor-section-height-default elementor-section-height-default\" data-id=\"8634eca\" data-element_type=\"section\">\n\t\t\t\t\t\t<div class=\"elementor-container elementor-column-gap-no\">\n\t\t\t\t\t<div class=\"elementor-column elementor-col-50 elementor-inner-column elementor-element elementor-element-924530c\" data-id=\"924530c\" data-element_type=\"column\">\n\t\t\t<div class=\"elementor-widget-wrap elementor-element-populated\">\n\t\t\t\t\t\t<div class=\"elementor-element elementor-element-ce20c7b elementor-widget elementor-widget-text-editor\" data-id=\"ce20c7b\" data-element_type=\"widget\" data-widget_type=\"text-editor.default\">\n\t\t\t\t<div class=\"elementor-widget-container\">\n\t\t\t\t\t\t\t<h4><span style=\"color: #002b88;\">Modalidad presencial<\/span><\/h4><ul><li><a href=\"http:\/\/upn141.edu.mx\/index.php\/lic-pedagogia\/\">Licenciatura en Pedagog\u00eda<\/a><\/li><li style=\"list-style-type: none;\">\u00a0<\/li><\/ul>\t\t\t\t\t\t<\/div>\n\t\t\t\t<\/div>\n\t\t\t\t<div class=\"elementor-element elementor-element-eb04436 elementor-widget-divider--view-line elementor-widget elementor-widget-divider\" data-id=\"eb04436\" data-element_type=\"widget\" data-widget_type=\"divider.default\">\n\t\t\t\t<div class=\"elementor-widget-container\">\n\t\t\t\t\t<div class=\"elementor-divider\">\n\t\t\t<span class=\"elementor-divider-separator\">\n\t\t\t\t\t\t<\/span>\n\t\t<\/div>\n\t\t\t\t<\/div>\n\t\t\t\t<\/div>\n\t\t\t\t<div class=\"elementor-element elementor-element-3ec36e2 elementor-widget elementor-widget-text-editor\" data-id=\"3ec36e2\" data-element_type=\"widget\" data-widget_type=\"text-editor.default\">\n\t\t\t\t<div class=\"elementor-widget-container\">\n\t\t\t\t\t\t\t<h4><span style=\"color: #002b88;\">Modalidad en l\u00ednea<\/span><\/h4><ul><li><a href=\"http:\/\/upn141.edu.mx\/index.php\/lic-nivelacion\">Programa de Nivelaci\u00f3n para Docentes en Servicio<\/a><\/li><\/ul>\t\t\t\t\t\t<\/div>\n\t\t\t\t<\/div>\n\t\t\t\t\t<\/div>\n\t\t<\/div>\n\t\t\t\t<div class=\"elementor-column elementor-col-50 elementor-inner-column elementor-element elementor-element-99b2c97 elementor-hidden-phone\" data-id=\"99b2c97\" data-element_type=\"column\">\n\t\t\t<div class=\"elementor-widget-wrap elementor-element-populated\">\n\t\t\t\t\t\t<div class=\"elementor-element elementor-element-826eb5e elementor-invisible elementor-widget elementor-widget-image\" data-id=\"826eb5e\" data-element_type=\"widget\" data-settings=\"{&quot;motion_fx_motion_fx_scrolling&quot;:&quot;yes&quot;,&quot;motion_fx_translateY_effect&quot;:&quot;yes&quot;,&quot;motion_fx_translateY_speed&quot;:{&quot;unit&quot;:&quot;px&quot;,&quot;size&quot;:1,&quot;sizes&quot;:[]},&quot;_animation&quot;:&quot;fadeIn&quot;,&quot;motion_fx_translateY_affectedRange&quot;:{&quot;unit&quot;:&quot;%&quot;,&quot;size&quot;:&quot;&quot;,&quot;sizes&quot;:{&quot;start&quot;:0,&quot;end&quot;:100}},&quot;motion_fx_devices&quot;:[&quot;desktop&quot;,&quot;tablet&quot;,&quot;mobile&quot;]}\" data-widget_type=\"image.default\">\n\t\t\t\t<div class=\"elementor-widget-container\">\n\t\t\t\t\t\t\t\t\t\t\t\t\t<img fetchpriority=\"high\" decoding=\"async\" width=\"800\" height=\"450\" src=\"https:\/\/upn141.edu.mx\/wp-content\/uploads\/2020\/06\/21-1024x576.png\" class=\"attachment-large size-large wp-image-377\" alt=\"\" srcset=\"https:\/\/upn141.edu.mx\/wp-content\/uploads\/2020\/06\/21-1024x576.png 1024w, https:\/\/upn141.edu.mx\/wp-content\/uploads\/2020\/06\/21-300x169.png 300w, https:\/\/upn141.edu.mx\/wp-content\/uploads\/2020\/06\/21-768x432.png 768w, https:\/\/upn141.edu.mx\/wp-content\/uploads\/2020\/06\/21.png 1280w\" sizes=\"(max-width: 800px) 100vw, 800px\" \/>\t\t\t\t\t\t\t\t\t\t\t\t\t<\/div>\n\t\t\t\t<\/div>\n\t\t\t\t\t<\/div>\n\t\t<\/div>\n\t\t\t\t\t<\/div>\n\t\t<\/section>\n\t\t\t\t\t<\/div>\n\t\t<\/div>\n\t\t\t\t\t<\/div>\n\t\t<\/section>\n\t\t\t\t<section class=\"elementor-section elementor-top-section elementor-element elementor-element-53d4b16 elementor-section-content-middle elementor-section-boxed elementor-section-height-default elementor-section-height-default\" data-id=\"53d4b16\" data-element_type=\"section\">\n\t\t\t\t\t\t<div class=\"elementor-container elementor-column-gap-no\">\n\t\t\t\t\t<div class=\"elementor-column elementor-col-100 elementor-top-column elementor-element elementor-element-a61d50c\" data-id=\"a61d50c\" data-element_type=\"column\">\n\t\t\t<div class=\"elementor-widget-wrap elementor-element-populated\">\n\t\t\t\t\t\t<section class=\"elementor-section elementor-inner-section elementor-element elementor-element-2d66167 elementor-section-boxed elementor-section-height-default elementor-section-height-default\" data-id=\"2d66167\" data-element_type=\"section\">\n\t\t\t\t\t\t<div class=\"elementor-container elementor-column-gap-no\">\n\t\t\t\t\t<div class=\"elementor-column elementor-col-50 elementor-inner-column elementor-element elementor-element-c21ac9f elementor-hidden-phone\" data-id=\"c21ac9f\" data-element_type=\"column\">\n\t\t\t<div class=\"elementor-widget-wrap elementor-element-populated\">\n\t\t\t\t\t\t<div class=\"elementor-element elementor-element-7d75953 elementor-widget elementor-widget-image\" data-id=\"7d75953\" data-element_type=\"widget\" data-settings=\"{&quot;motion_fx_motion_fx_scrolling&quot;:&quot;yes&quot;,&quot;motion_fx_translateY_effect&quot;:&quot;yes&quot;,&quot;motion_fx_translateY_speed&quot;:{&quot;unit&quot;:&quot;px&quot;,&quot;size&quot;:1,&quot;sizes&quot;:[]},&quot;motion_fx_translateY_affectedRange&quot;:{&quot;unit&quot;:&quot;%&quot;,&quot;size&quot;:&quot;&quot;,&quot;sizes&quot;:{&quot;start&quot;:0,&quot;end&quot;:100}},&quot;motion_fx_devices&quot;:[&quot;desktop&quot;,&quot;tablet&quot;,&quot;mobile&quot;]}\" data-widget_type=\"image.default\">\n\t\t\t\t<div class=\"elementor-widget-container\">\n\t\t\t\t\t\t\t\t\t\t\t\t\t<img decoding=\"async\" width=\"800\" height=\"450\" src=\"https:\/\/upn141.edu.mx\/wp-content\/uploads\/2020\/06\/111-1024x576.png\" class=\"attachment-large size-large wp-image-376\" alt=\"\" srcset=\"https:\/\/upn141.edu.mx\/wp-content\/uploads\/2020\/06\/111-1024x576.png 1024w, https:\/\/upn141.edu.mx\/wp-content\/uploads\/2020\/06\/111-300x169.png 300w, https:\/\/upn141.edu.mx\/wp-content\/uploads\/2020\/06\/111-768x432.png 768w, https:\/\/upn141.edu.mx\/wp-content\/uploads\/2020\/06\/111.png 1280w\" sizes=\"(max-width: 800px) 100vw, 800px\" \/>\t\t\t\t\t\t\t\t\t\t\t\t\t<\/div>\n\t\t\t\t<\/div>\n\t\t\t\t\t<\/div>\n\t\t<\/div>\n\t\t\t\t<div class=\"elementor-column elementor-col-50 elementor-inner-column elementor-element elementor-element-19202f0\" data-id=\"19202f0\" data-element_type=\"column\">\n\t\t\t<div class=\"elementor-widget-wrap elementor-element-populated\">\n\t\t\t\t\t\t<div class=\"elementor-element elementor-element-b7a1c68 elementor-widget elementor-widget-heading\" data-id=\"b7a1c68\" data-element_type=\"widget\" data-widget_type=\"heading.default\">\n\t\t\t\t<div class=\"elementor-widget-container\">\n\t\t\t<h2 class=\"elementor-heading-title elementor-size-default\">Especializaciones<\/h2>\t\t<\/div>\n\t\t\t\t<\/div>\n\t\t\t\t<div class=\"elementor-element elementor-element-22f8ca2 elementor-widget elementor-widget-text-editor\" data-id=\"22f8ca2\" data-element_type=\"widget\" data-widget_type=\"text-editor.default\">\n\t\t\t\t<div class=\"elementor-widget-container\">\n\t\t\t\t\t\t\t<ul><li><a href=\"http:\/\/upn141.edu.mx\/index.php\/esp-estudios-de-genero-cultura-y-sociedad\/\">Especializaci\u00f3n en Estudios de G\u00e9nero\u00a0<\/a><\/li><\/ul>\t\t\t\t\t\t<\/div>\n\t\t\t\t<\/div>\n\t\t\t\t<div class=\"elementor-element elementor-element-6235449 elementor-widget elementor-widget-heading\" data-id=\"6235449\" data-element_type=\"widget\" data-widget_type=\"heading.default\">\n\t\t\t\t<div class=\"elementor-widget-container\">\n\t\t\t<h2 class=\"elementor-heading-title elementor-size-default\">Maestr\u00edas<\/h2>\t\t<\/div>\n\t\t\t\t<\/div>\n\t\t\t\t<div class=\"elementor-element elementor-element-d613ae7 elementor-widget elementor-widget-text-editor\" data-id=\"d613ae7\" data-element_type=\"widget\" data-widget_type=\"text-editor.default\">\n\t\t\t\t<div class=\"elementor-widget-container\">\n\t\t\t\t\t\t\t<ul><li><span style=\"background-color: transparent;\"><a href=\"http:\/\/upn141.edu.mx\/index.php\/mas-educacion\/\">Maestr\u00eda en Educaci\u00f3n<\/a><\/span><\/li><li><a href=\"http:\/\/upn141.edu.mx\/index.php\/mas-educacion-basica\/\">Maestr\u00eda en Educaci\u00f3n B\u00e1sica<\/a><\/li><li><a href=\"http:\/\/upn141.edu.mx\/index.php\/mas-educacion-media-superior\/\">Maestr\u00eda en Educaci\u00f3n Media Superior<\/a><\/li><li><a href=\"http:\/\/upn141.edu.mx\/index.php\/mas-estudios-de-genero-sociedad-y-cultura\/\">Maestr\u00eda en Estudios en G\u00e9nero, Sociedad y Cultura<\/a><\/li><\/ul>\t\t\t\t\t\t<\/div>\n\t\t\t\t<\/div>\n\t\t\t\t<div class=\"elementor-element elementor-element-844a67e elementor-widget elementor-widget-heading\" data-id=\"844a67e\" data-element_type=\"widget\" data-widget_type=\"heading.default\">\n\t\t\t\t<div class=\"elementor-widget-container\">\n\t\t\t<h2 class=\"elementor-heading-title elementor-size-default\">Doctorados<\/h2>\t\t<\/div>\n\t\t\t\t<\/div>\n\t\t\t\t<div class=\"elementor-element elementor-element-52bbc48 elementor-widget elementor-widget-text-editor\" data-id=\"52bbc48\" data-element_type=\"widget\" data-widget_type=\"text-editor.default\">\n\t\t\t\t<div class=\"elementor-widget-container\">\n\t\t\t\t\t\t\t<ul><li><span style=\"background-color: transparent;\">Doctorado en Educaci\u00f3n<\/span><\/li><li><a href=\"http:\/\/upn141.edu.mx\/index.php\/doc-desarrollo-educativo\/\">Doctorado en Desarrollo Educativo<\/a><\/li><\/ul>\t\t\t\t\t\t<\/div>\n\t\t\t\t<\/div>\n\t\t\t\t\t<\/div>\n\t\t<\/div>\n\t\t\t\t\t<\/div>\n\t\t<\/section>\n\t\t\t\t\t<\/div>\n\t\t<\/div>\n\t\t\t\t\t<\/div>\n\t\t<\/section>\n\t\t\t\t<section class=\"elementor-section elementor-top-section elementor-element elementor-element-a51eb0f elementor-section-content-middle elementor-section-boxed elementor-section-height-default elementor-section-height-default\" data-id=\"a51eb0f\" data-element_type=\"section\">\n\t\t\t\t\t\t<div class=\"elementor-container elementor-column-gap-no\">\n\t\t\t\t\t<div class=\"elementor-column elementor-col-100 elementor-top-column elementor-element elementor-element-cea8056\" data-id=\"cea8056\" data-element_type=\"column\">\n\t\t\t<div class=\"elementor-widget-wrap elementor-element-populated\">\n\t\t\t\t\t\t<div class=\"elementor-element elementor-element-21f7aa9 elementor-widget elementor-widget-heading\" data-id=\"21f7aa9\" data-element_type=\"widget\" data-widget_type=\"heading.default\">\n\t\t\t\t<div class=\"elementor-widget-container\">\n\t\t\t<h2 class=\"elementor-heading-title elementor-size-default\">Diplomados<\/h2>\t\t<\/div>\n\t\t\t\t<\/div>\n\t\t\t\t<section class=\"elementor-section elementor-inner-section elementor-element elementor-element-20e87b9 elementor-section-boxed elementor-section-height-default elementor-section-height-default\" data-id=\"20e87b9\" data-element_type=\"section\">\n\t\t\t\t\t\t<div class=\"elementor-container elementor-column-gap-no\">\n\t\t\t\t\t<div class=\"elementor-column elementor-col-50 elementor-inner-column elementor-element elementor-element-6d0f74d\" data-id=\"6d0f74d\" data-element_type=\"column\">\n\t\t\t<div class=\"elementor-widget-wrap elementor-element-populated\">\n\t\t\t\t\t\t<div class=\"elementor-element elementor-element-6c3e6a4 elementor-widget elementor-widget-text-editor\" data-id=\"6c3e6a4\" data-element_type=\"widget\" data-widget_type=\"text-editor.default\">\n\t\t\t\t<div class=\"elementor-widget-container\">\n\t\t\t\t\t\t\t<ul><li>Herramientas de Office para la Investigaci\u00f3n Educativa<\/li><li>Derechos Humanos, \u00c9tica y Valores<\/li><li>Educaci\u00f3n y Derechos en Sexualidad Integral<\/li><\/ul>\t\t\t\t\t\t<\/div>\n\t\t\t\t<\/div>\n\t\t\t\t\t<\/div>\n\t\t<\/div>\n\t\t\t\t<div class=\"elementor-column elementor-col-50 elementor-inner-column elementor-element elementor-element-f77273e elementor-hidden-phone\" data-id=\"f77273e\" data-element_type=\"column\">\n\t\t\t<div class=\"elementor-widget-wrap elementor-element-populated\">\n\t\t\t\t\t\t<div class=\"elementor-element elementor-element-2be1396 elementor-widget elementor-widget-image\" data-id=\"2be1396\" data-element_type=\"widget\" data-settings=\"{&quot;motion_fx_motion_fx_scrolling&quot;:&quot;yes&quot;,&quot;motion_fx_translateY_effect&quot;:&quot;yes&quot;,&quot;motion_fx_translateY_speed&quot;:{&quot;unit&quot;:&quot;px&quot;,&quot;size&quot;:1,&quot;sizes&quot;:[]},&quot;motion_fx_translateY_affectedRange&quot;:{&quot;unit&quot;:&quot;%&quot;,&quot;size&quot;:&quot;&quot;,&quot;sizes&quot;:{&quot;start&quot;:0,&quot;end&quot;:100}},&quot;motion_fx_devices&quot;:[&quot;desktop&quot;,&quot;tablet&quot;,&quot;mobile&quot;]}\" data-widget_type=\"image.default\">\n\t\t\t\t<div class=\"elementor-widget-container\">\n\t\t\t\t\t\t\t\t\t\t\t\t\t<img decoding=\"async\" width=\"800\" height=\"450\" src=\"https:\/\/upn141.edu.mx\/wp-content\/uploads\/2020\/06\/blog-post-5-1-1024x576.png\" class=\"attachment-large size-large wp-image-379\" alt=\"\" srcset=\"https:\/\/upn141.edu.mx\/wp-content\/uploads\/2020\/06\/blog-post-5-1-1024x576.png 1024w, https:\/\/upn141.edu.mx\/wp-content\/uploads\/2020\/06\/blog-post-5-1-300x169.png 300w, https:\/\/upn141.edu.mx\/wp-content\/uploads\/2020\/06\/blog-post-5-1-768x432.png 768w, https:\/\/upn141.edu.mx\/wp-content\/uploads\/2020\/06\/blog-post-5-1.png 1280w\" sizes=\"(max-width: 800px) 100vw, 800px\" \/>\t\t\t\t\t\t\t\t\t\t\t\t\t<\/div>\n\t\t\t\t<\/div>\n\t\t\t\t\t<\/div>\n\t\t<\/div>\n\t\t\t\t\t<\/div>\n\t\t<\/section>\n\t\t\t\t\t<\/div>\n\t\t<\/div>\n\t\t\t\t\t<\/div>\n\t\t<\/section>\n\t\t\t\t<\/div>\n\t\t","protected":false},"excerpt":{"rendered":"<p>Oferta Educativa Licenciaturas Modalidad presencial Licenciatura en Pedagog\u00eda \u00a0 Modalidad en l\u00ednea Programa de Nivelaci\u00f3n para Docentes en Servicio Especializaciones Especializaci\u00f3n en Estudios de G\u00e9nero\u00a0 Maestr\u00edas Maestr\u00eda en Educaci\u00f3n Maestr\u00eda en Educaci\u00f3n B\u00e1sica Maestr\u00eda en Educaci\u00f3n Media Superior Maestr\u00eda en Estudios en G\u00e9nero, Sociedad y Cultura Doctorados Doctorado en Educaci\u00f3n Doctorado en Desarrollo Educativo Diplomados [&hellip;]<\/p>\n","protected":false},"author":1,"featured_media":0,"parent":0,"menu_order":0,"comment_status":"closed","ping_status":"closed","template":"elementor_header_footer","meta":{"footnotes":""},"_links":{"self":[{"href":"https:\/\/upn141.edu.mx\/index.php\/wp-json\/wp\/v2\/pages\/115"}],"collection":[{"href":"https:\/\/upn141.edu.mx\/index.php\/wp-json\/wp\/v2\/pages"}],"about":[{"href":"https:\/\/upn141.edu.mx\/index.php\/wp-json\/wp\/v2\/types\/page"}],"author":[{"embeddable":true,"href":"https:\/\/upn141.edu.mx\/index.php\/wp-json\/wp\/v2\/users\/1"}],"replies":[{"embeddable":true,"href":"https:\/\/upn141.edu.mx\/index.php\/wp-json\/wp\/v2\/comments?post=115"}],"version-history":[{"count":47,"href":"https:\/\/upn141.edu.mx\/index.php\/wp-json\/wp\/v2\/pages\/115\/revisions"}],"predecessor-version":[{"id":1285,"href":"https:\/\/upn141.edu.mx\/index.php\/wp-json\/wp\/v2\/pages\/115\/revisions\/1285"}],"wp:attachment":[{"href":"https:\/\/upn141.edu.mx\/index.php\/wp-json\/wp\/v2\/media?parent=115"}],"curies":[{"name":"wp","href":"https:\/\/api.w.org\/{rel}","templated":true}]}}