{"id":1075,"date":"2023-08-10T16:23:31","date_gmt":"2023-08-10T16:23:31","guid":{"rendered":"https:\/\/upn141.edu.mx\/?page_id=1075"},"modified":"2025-11-04T18:37:48","modified_gmt":"2025-11-04T18:37:48","slug":"elementor-1075","status":"publish","type":"page","link":"https:\/\/upn141.edu.mx\/index.php\/elementor-1075\/","title":{"rendered":"Servicio Social Lic. en Pedagog\u00eda"},"content":{"rendered":"\t\t<div data-elementor-type=\"wp-page\" data-elementor-id=\"1075\" class=\"elementor elementor-1075\" data-elementor-post-type=\"page\">\n\t\t\t\t\t\t<section class=\"elementor-section elementor-top-section elementor-element elementor-element-7c863ff elementor-section-boxed elementor-section-height-default elementor-section-height-default\" data-id=\"7c863ff\" data-element_type=\"section\">\n\t\t\t\t\t\t<div class=\"elementor-container elementor-column-gap-default\">\n\t\t\t\t\t<div class=\"elementor-column elementor-col-100 elementor-top-column elementor-element elementor-element-fa9ab37\" data-id=\"fa9ab37\" data-element_type=\"column\">\n\t\t\t<div class=\"elementor-widget-wrap elementor-element-populated\">\n\t\t\t\t\t\t<div class=\"elementor-element elementor-element-6d90e92 elementor-widget elementor-widget-text-editor\" data-id=\"6d90e92\" data-element_type=\"widget\" data-widget_type=\"text-editor.default\">\n\t\t\t\t<div class=\"elementor-widget-container\">\n\t\t\t\t\t\t\t<p>En este apartado encontrar\u00e1s los documentos que necesitas para realizar los tr\u00e1mites de tu servicio social de la Licenciatura en Pedagog\u00eda.\u00a0<\/p><ol><li><a href=\"https:\/\/docs.google.com\/document\/d\/1uKGz8Wz0ocdsoPnJHxlXngdFO0VWkpVd\/edit?usp=sharing&amp;ouid=111363573286026686718&amp;rtpof=true&amp;sd=true\" target=\"_blank\" rel=\"noopener\">Aviso de aceptaci\u00f3n institucional.<\/a><\/li><li><a href=\"https:\/\/docs.google.com\/document\/d\/1RjDjFsFCh3mUFYriGnS02zSyn6gguElS\/edit?usp=sharing&amp;ouid=111363573286026686718&amp;rtpof=true&amp;sd=true\" target=\"_blank\" rel=\"noopener\">Carta compromiso servicio social.<\/a><\/li><li><a href=\"https:\/\/docs.google.com\/document\/d\/1zhxSiOGEZ56KOv5GMJK0Ma9cNI7_VyGr\/edit?usp=sharing&amp;ouid=111363573286026686718&amp;rtpof=true&amp;sd=true\" target=\"_blank\" rel=\"noopener\">Proyecto de Servicio Social.<\/a><\/li><li><a href=\"https:\/\/docs.google.com\/spreadsheets\/d\/1um4yngB602H7J82YRII1orhJoPly-yqi\/edit?usp=sharing&amp;ouid=111363573286026686718&amp;rtpof=true&amp;sd=true\" target=\"_blank\" rel=\"noopener\">Control de asistencias SS.<\/a><\/li><li><a href=\"https:\/\/docs.google.com\/document\/d\/1um_X53zv7Y2lYYt8HDYs4IP7UCTH_iYa\/edit?usp=sharing&amp;ouid=111363573286026686718&amp;rtpof=true&amp;sd=true\" target=\"_blank\" rel=\"noopener\">Informes parciales de Servicio Social.<\/a><\/li><li><a href=\"https:\/\/docs.google.com\/document\/d\/1PN9781mriJfCRGfe9vAjgBfXXwU8XQq4\/edit?usp=sharing&amp;ouid=111363573286026686718&amp;rtpof=true&amp;sd=true\" target=\"_blank\" rel=\"noopener\">Informe Final Servicio Social.<\/a><\/li><li><a href=\"https:\/\/docs.google.com\/document\/d\/1j1NM4bYo0lcitCjTlU-GS-lOa9mXqEF-\/edit?usp=sharing&amp;ouid=111363573286026686718&amp;rtpof=true&amp;sd=true\" target=\"_blank\" rel=\"noopener\">Control de actividades semanales Servicio Social (opcional).<\/a><\/li><li><a href=\"https:\/\/drive.google.com\/file\/d\/1dUoxQBtzG9BwJMnwVT1LHJIPueDBekdN\/view?usp=drive_link\" target=\"_blank\" rel=\"noopener\">Proceso y documentos para servicio social.<\/a><\/li><li><a href=\"https:\/\/docs.google.com\/document\/d\/1GCCjg0bmYMN0yBajEE9o2dOqZBglsYhe\/edit?usp=sharing&amp;ouid=111363573286026686718&amp;rtpof=true&amp;sd=true\" target=\"_blank\" rel=\"noopener\">Aviso de T\u00e9rmino.<\/a><\/li><\/ol><div>\u00a0<\/div><div><strong>Nota: Descarga los archivos a tu equipo para su llenado.<\/strong><\/div><div>\u00a0<\/div><div>\u00daltima actualizaci\u00f3n: 04 de noviembre de 2025.<\/div><div>\u00a0<\/div><div>Mtra. Ana Carolina Rodr\u00edguez Alan\u00edz<br \/>Coordinadora de Servicio Social.<br \/>Correo:\u00a0carolina.rodriguez@upn141.edu.mx<\/div>\t\t\t\t\t\t<\/div>\n\t\t\t\t<\/div>\n\t\t\t\t\t<\/div>\n\t\t<\/div>\n\t\t\t\t\t<\/div>\n\t\t<\/section>\n\t\t\t\t<\/div>\n\t\t","protected":false},"excerpt":{"rendered":"<p>En este apartado encontrar\u00e1s los documentos que necesitas para realizar los tr\u00e1mites de tu servicio social de la Licenciatura en Pedagog\u00eda.\u00a0 Aviso de aceptaci\u00f3n institucional. Carta compromiso servicio social. Proyecto de Servicio Social. Control de asistencias SS. Informes parciales de Servicio Social. Informe Final Servicio Social. Control de actividades semanales Servicio Social (opcional). Proceso y [&hellip;]<\/p>\n","protected":false},"author":1,"featured_media":0,"parent":0,"menu_order":0,"comment_status":"closed","ping_status":"closed","template":"","meta":{"footnotes":""},"_links":{"self":[{"href":"https:\/\/upn141.edu.mx\/index.php\/wp-json\/wp\/v2\/pages\/1075"}],"collection":[{"href":"https:\/\/upn141.edu.mx\/index.php\/wp-json\/wp\/v2\/pages"}],"about":[{"href":"https:\/\/upn141.edu.mx\/index.php\/wp-json\/wp\/v2\/types\/page"}],"author":[{"embeddable":true,"href":"https:\/\/upn141.edu.mx\/index.php\/wp-json\/wp\/v2\/users\/1"}],"replies":[{"embeddable":true,"href":"https:\/\/upn141.edu.mx\/index.php\/wp-json\/wp\/v2\/comments?post=1075"}],"version-history":[{"count":56,"href":"https:\/\/upn141.edu.mx\/index.php\/wp-json\/wp\/v2\/pages\/1075\/revisions"}],"predecessor-version":[{"id":1537,"href":"https:\/\/upn141.edu.mx\/index.php\/wp-json\/wp\/v2\/pages\/1075\/revisions\/1537"}],"wp:attachment":[{"href":"https:\/\/upn141.edu.mx\/index.php\/wp-json\/wp\/v2\/media?parent=1075"}],"curies":[{"name":"wp","href":"https:\/\/api.w.org\/{rel}","templated":true}]}}