{"id":1001,"date":"2023-04-26T00:36:00","date_gmt":"2023-04-26T00:36:00","guid":{"rendered":"https:\/\/upn141.edu.mx\/?page_id=1001"},"modified":"2024-04-18T00:25:12","modified_gmt":"2024-04-18T00:25:12","slug":"elementor-1001","status":"publish","type":"page","link":"https:\/\/upn141.edu.mx\/index.php\/elementor-1001\/","title":{"rendered":"Titulaci\u00f3n"},"content":{"rendered":"\t\t<div data-elementor-type=\"wp-page\" data-elementor-id=\"1001\" class=\"elementor elementor-1001\" data-elementor-post-type=\"page\">\n\t\t\t\t\t\t<section class=\"elementor-section elementor-top-section elementor-element elementor-element-d7dc4f3 elementor-section-boxed elementor-section-height-default elementor-section-height-default\" data-id=\"d7dc4f3\" data-element_type=\"section\">\n\t\t\t\t\t\t<div class=\"elementor-container elementor-column-gap-default\">\n\t\t\t\t\t<div class=\"elementor-column elementor-col-100 elementor-top-column elementor-element elementor-element-9eb9562\" data-id=\"9eb9562\" data-element_type=\"column\">\n\t\t\t<div class=\"elementor-widget-wrap elementor-element-populated\">\n\t\t\t\t\t\t<div class=\"elementor-element elementor-element-c714345 elementor-widget elementor-widget-text-editor\" data-id=\"c714345\" data-element_type=\"widget\" data-widget_type=\"text-editor.default\">\n\t\t\t\t<div class=\"elementor-widget-container\">\n\t\t\t\t\t\t\t<p>En este apartado puedes consultar la informaci\u00f3n referente a la titulaci\u00f3n de diversos programas de estudio de la Unidad 141 Guadalajara de la Universidad Pedag\u00f3gica Nacional.<\/p><p><span style=\"color: var( --e-global-color-text ); font-family: var( --e-global-typography-text-font-family ), Sans-serif; font-weight: var( --e-global-typography-text-font-weight ); font-size: 1rem;\">El servicio consiste en ofrecer atenci\u00f3n y asesoramiento a egresados sobre:<\/span><\/p><ul><li><span style=\"color: var( --e-global-color-text ); font-family: var( --e-global-typography-text-font-family ), Sans-serif; font-weight: var( --e-global-typography-text-font-weight ); font-size: 1rem;\">El Proceso de Titulaci\u00f3n, de forma personal o v\u00eda telef\u00f3nica.<\/span><\/li><li><span style=\"color: var( --e-global-color-text ); font-family: var( --e-global-typography-text-font-family ), Sans-serif; font-weight: var( --e-global-typography-text-font-weight ); font-size: 1rem;\">Tr\u00e1mites respectivos del proceso de titulaci\u00f3n, desde su registro hasta la expedici\u00f3n de su documento de grado; como son Actas de examen, Diplomas, T\u00edtulos y Constancias, y documentos que se registran ante la Direcci\u00f3n General de Acreditaci\u00f3n, Incorporaci\u00f3n y Revalidaci\u00f3n Educativa de la Secretar\u00eda de Educaci\u00f3n.<\/span><\/li><li><span style=\"color: var( --e-global-color-text ); font-family: var( --e-global-typography-text-font-family ), Sans-serif; font-weight: var( --e-global-typography-text-font-weight ); font-size: 1rem;\">Expedici\u00f3n de constancias para diversos tr\u00e1mites. Acta de examen en tr\u00e1mite, T\u00edtulo en tr\u00e1mite, Constancia de liberaci\u00f3n de servicio social, entre otros.<\/span><\/li><\/ul><p><span style=\"color: var( --e-global-color-text ); font-family: var( --e-global-typography-text-font-family ), Sans-serif; font-weight: var( --e-global-typography-text-font-weight ); font-size: 1rem;\">\u00a0<\/span><\/p><p><span style=\"color: var( --e-global-color-text ); font-family: var( --e-global-typography-text-font-family ), Sans-serif; font-weight: var( --e-global-typography-text-font-weight ); font-size: 1rem;\">Las cuotas a cubrir por parte de los egresados, se realizan de acuerdo con las instrucciones del personal del \u00e1rea de titulaci\u00f3n.<\/span><\/p><p>Si quieres conocer los requisitos para el examen profesional de la <strong>Licenciatura en Pedagog\u00eda.<\/strong> <a href=\"https:\/\/docs.google.com\/document\/d\/1HKa5_bVax6N1jvILAeA9x-nwbduDzSoL\/edit?usp=sharing&amp;ouid=102187159812810118662&amp;rtpof=true&amp;sd=true\" target=\"_blank\" rel=\"noopener\">Descarga el documento.<\/a><\/p><p>Si quieres conocer los requisitos para el examen profesional\u00a0<strong>LINI.<\/strong> <a href=\"https:\/\/docs.google.com\/document\/d\/1681-50McCJY5iY-5osPnPYI-yBpO-y1X\/edit?usp=sharing&amp;ouid=102187159812810118662&amp;rtpof=true&amp;sd=true\" target=\"_blank\" rel=\"noopener\">Descarga el documento.<\/a><span style=\"color: var( --e-global-color-text ); font-family: var( --e-global-typography-text-font-family ), Sans-serif; font-weight: var( --e-global-typography-text-font-weight ); font-size: 1rem;\"><br \/><\/span><\/p><p><span style=\"color: var( --e-global-color-text ); font-family: var( --e-global-typography-text-font-family ), Sans-serif; font-weight: var( --e-global-typography-text-font-weight ); font-size: 1rem;\">Si quieres conocer los requisitos para el examen profesional posgrados <strong>(Maestr\u00eda y Especialidad).<\/strong>\u00a0<a href=\"https:\/\/docs.google.com\/document\/d\/1KWFnbAAXycFC1Xbif4n85ztBnyHEx0eM\/edit?usp=sharing&amp;ouid=102187159812810118662&amp;rtpof=true&amp;sd=true\" target=\"_blank\" rel=\"noopener\">Descarga el documento.<\/a><\/span><\/p><p>\u00a0<\/p><p><strong><span style=\"color: var( --e-global-color-text ); font-family: var( --e-global-typography-text-font-family ), Sans-serif; font-size: 1rem;\">Horario de atenci\u00f3n:<\/span><\/strong><\/p><p><span style=\"color: var( --e-global-color-text ); font-family: var( --e-global-typography-text-font-family ), Sans-serif; font-weight: var( --e-global-typography-text-font-weight ); font-size: 1rem;\">De martes a s\u00e1bado de 8:00 a 14:00 hrs.<\/span><\/p><p><span style=\"color: var( --e-global-color-text ); font-family: var( --e-global-typography-text-font-family ), Sans-serif; font-weight: var( --e-global-typography-text-font-weight ); font-size: 1rem;\">Para mayores informes contactar a:<\/span><\/p><p><strong><span style=\"color: var( --e-global-color-text ); font-family: var( --e-global-typography-text-font-family ), Sans-serif; font-size: 1rem;\">Alina P\u00e9rez Moreno<\/span><\/strong><\/p><p>alina.perez@upn141.edu.mx<\/p><p><span style=\"color: var( --e-global-color-text ); font-family: var( --e-global-typography-text-font-family ), Sans-serif; font-weight: var( --e-global-typography-text-font-weight ); font-size: 1rem;\">33.3823.6572 Ext.108<\/span><\/p>\t\t\t\t\t\t<\/div>\n\t\t\t\t<\/div>\n\t\t\t\t\t<\/div>\n\t\t<\/div>\n\t\t\t\t\t<\/div>\n\t\t<\/section>\n\t\t\t\t<\/div>\n\t\t","protected":false},"excerpt":{"rendered":"<p>En este apartado puedes consultar la informaci\u00f3n referente a la titulaci\u00f3n de diversos programas de estudio de la Unidad 141 Guadalajara de la Universidad Pedag\u00f3gica Nacional. El servicio consiste en ofrecer atenci\u00f3n y asesoramiento a egresados sobre: El Proceso de Titulaci\u00f3n, de forma personal o v\u00eda telef\u00f3nica. Tr\u00e1mites respectivos del proceso de titulaci\u00f3n, desde su [&hellip;]<\/p>\n","protected":false},"author":1,"featured_media":0,"parent":0,"menu_order":0,"comment_status":"closed","ping_status":"closed","template":"","meta":{"footnotes":""},"_links":{"self":[{"href":"https:\/\/upn141.edu.mx\/index.php\/wp-json\/wp\/v2\/pages\/1001"}],"collection":[{"href":"https:\/\/upn141.edu.mx\/index.php\/wp-json\/wp\/v2\/pages"}],"about":[{"href":"https:\/\/upn141.edu.mx\/index.php\/wp-json\/wp\/v2\/types\/page"}],"author":[{"embeddable":true,"href":"https:\/\/upn141.edu.mx\/index.php\/wp-json\/wp\/v2\/users\/1"}],"replies":[{"embeddable":true,"href":"https:\/\/upn141.edu.mx\/index.php\/wp-json\/wp\/v2\/comments?post=1001"}],"version-history":[{"count":23,"href":"https:\/\/upn141.edu.mx\/index.php\/wp-json\/wp\/v2\/pages\/1001\/revisions"}],"predecessor-version":[{"id":1379,"href":"https:\/\/upn141.edu.mx\/index.php\/wp-json\/wp\/v2\/pages\/1001\/revisions\/1379"}],"wp:attachment":[{"href":"https:\/\/upn141.edu.mx\/index.php\/wp-json\/wp\/v2\/media?parent=1001"}],"curies":[{"name":"wp","href":"https:\/\/api.w.org\/{rel}","templated":true}]}}