{"id":297,"date":"2020-06-17T16:27:29","date_gmt":"2020-06-17T16:27:29","guid":{"rendered":"http:\/\/upn141.edu.mx\/?page_id=297"},"modified":"2024-03-22T16:51:06","modified_gmt":"2024-03-22T16:51:06","slug":"lic-nivelacion-en-educacion","status":"publish","type":"page","link":"http:\/\/upn141.edu.mx\/index.php\/lic-nivelacion-en-educacion\/","title":{"rendered":"Lic. Nivelaci\u00f3n en educaci\u00f3n"},"content":{"rendered":"\t\t<div data-elementor-type=\"wp-page\" data-elementor-id=\"297\" class=\"elementor elementor-297\" data-elementor-post-type=\"page\">\n\t\t\t\t\t\t<section class=\"elementor-section elementor-top-section elementor-element elementor-element-44f08a6 elementor-section-boxed elementor-section-height-default elementor-section-height-default\" data-id=\"44f08a6\" data-element_type=\"section\">\n\t\t\t\t\t\t<div class=\"elementor-container elementor-column-gap-default\">\n\t\t\t\t\t<div class=\"elementor-column elementor-col-100 elementor-top-column elementor-element elementor-element-4e3ce119\" data-id=\"4e3ce119\" data-element_type=\"column\">\n\t\t\t<div class=\"elementor-widget-wrap elementor-element-populated\">\n\t\t\t\t\t\t<div class=\"elementor-element elementor-element-1bb77163 elementor-widget elementor-widget-heading\" data-id=\"1bb77163\" data-element_type=\"widget\" data-widget_type=\"heading.default\">\n\t\t\t\t<div class=\"elementor-widget-container\">\n\t\t\t<h1 class=\"elementor-heading-title elementor-size-default\">Licenciaturas en Educaci\u00f3n del Programa de Nivelaci\u00f3n para Docentes en Servicio.<\/h1>\t\t<\/div>\n\t\t\t\t<\/div>\n\t\t\t\t<div class=\"elementor-element elementor-element-49eafdbb elementor-widget elementor-widget-text-editor\" data-id=\"49eafdbb\" data-element_type=\"widget\" data-widget_type=\"text-editor.default\">\n\t\t\t\t<div class=\"elementor-widget-container\">\n\t\t\t\t\t\t\t<p>Las Licenciaturas de Nivelaci\u00f3n tienen como objetivo profesionalizar a las y los docentes en servicio de la educaci\u00f3n obligatoria (inicial, preescolar, primaria y secundaria) a trav\u00e9s de la re-significaci\u00f3n de su pr\u00e1ctica profesional para la toma de decisiones de forma cr\u00edtica e innovadora, con equidad y pertinencia que impacten en la reconstrucci\u00f3n y transformaci\u00f3n de su realidad educativa, atendiendo a las necesidades y los derechos de sus alumnos y a las demandas de un mundo globalizado en constante cambio.<\/p><p><b>Perfil de Ingreso<\/b><\/p><p>Docentes de los niveles de Educaci\u00f3n Inicial, de Educaci\u00f3n Preescolar, de Educaci\u00f3n Primaria y de Educaci\u00f3n Secundaria interesados en su superaci\u00f3n profesional.<\/p><p><b>Programa de Estudio<\/b><\/p><p>La estructura curricular de cada Licenciatura est\u00e1 integrada por un cat\u00e1logo de m\u00f3dulos que el estudiante analizar\u00e1 en un curso de inducci\u00f3n, para construir su trayecto formativo.\u00a0 En este curso de inducci\u00f3n el docente explicitar\u00e1 sus saberes profesionales, sus principales necesidades de formaci\u00f3n, las problem\u00e1ticas o situaciones conflictivas a las que se enfrenta en su pr\u00e1ctica docente; analizar\u00e1 el modelo de formaci\u00f3n de la Licenciatura, la malla curricular y los ejes problem\u00e1ticos de cada m\u00f3dulo con la finalidad de definir su trayecto formativo.<\/p><p>El estudiante de la Licenciatura conforme avance en su proceso de formaci\u00f3n podr\u00e1 modificar en funci\u00f3n de sus problem\u00e1ticas docentes su trayecto formativo. Del cat\u00e1logo de m\u00f3dulos el estudiante seleccionar\u00e1 m\u00ednimo 2 m\u00f3dulos por cuatrimestre.<\/p><p><b>Requisitos de Ingreso<\/b><\/p><ul><li>De todos los documentos enlistados se deber\u00e1n entregar <strong>original y tres copias:<\/strong><\/li><li><span style=\"background-color: transparent;\">Certificado de nivel Bachillerato o equivalente en opci\u00f3n no terminal con promedio m\u00ednimo de 7.0\u00a0 \u00f3\u00a0 T\u00edtulo y C\u00e9dula de Profesor Normalista.<\/span><\/li><li><span style=\"background-color: transparent;\">Constancia de servicios docentes en el nivel en que cursar\u00e1 la Licenciatura expedida por la autoridad educativa estatal y que precise m\u00ednimo 2 a\u00f1os de antig\u00fcedad en el servicio en las funciones de t\u00e9cnico docente, docente, directivo o asesor t\u00e9cnico pedag\u00f3gico.<\/span><\/li><li><span style=\"background-color: transparent;\">Acta de nacimiento reciente.<\/span><\/li><li><span style=\"background-color: transparent;\">Clave \u00fanica de registro de poblaci\u00f3n (CURP).<\/span><\/li><li><span style=\"background-color: transparent;\">Tres fotograf\u00edas recientes tama\u00f1o credencial a color.<\/span><\/li><li><span style=\"background-color: transparent;\">Constancia de trabajo actualizada, legalmente requisitada.<\/span><\/li><li><span style=\"background-color: transparent;\">Carta de exposici\u00f3n de motivos.<\/span><\/li><li><span style=\"background-color: transparent;\">Comprobante reciente del domicilio actual.<\/span><\/li><li><span style=\"background-color: transparent;\">Identificaci\u00f3n oficial vigente (INE, Pasaporte o C\u00e9dula Profesional).<\/span><\/li><li><span style=\"background-color: transparent;\">Realizar el pago por concepto de inscripci\u00f3n.<\/span><\/li><\/ul><div>\u00a0<\/div><p><b>Coordinador del Programa<\/b><\/p><div><strong>Mtro. Gilberto L\u00f3pez Topete<\/strong><\/div><div>gilberto.lopez@upn141.edu.mx<\/div>\t\t\t\t\t\t<\/div>\n\t\t\t\t<\/div>\n\t\t\t\t\t<\/div>\n\t\t<\/div>\n\t\t\t\t\t<\/div>\n\t\t<\/section>\n\t\t\t\t<\/div>\n\t\t","protected":false},"excerpt":{"rendered":"<p>Licenciaturas en Educaci\u00f3n del Programa de Nivelaci\u00f3n para Docentes en Servicio. Las Licenciaturas de Nivelaci\u00f3n tienen como objetivo profesionalizar a las y los docentes en servicio de la educaci\u00f3n obligatoria (inicial, preescolar, primaria y secundaria) a trav\u00e9s de la re-significaci\u00f3n de su pr\u00e1ctica profesional para la toma de decisiones de forma cr\u00edtica e innovadora, con [&hellip;]<\/p>\n","protected":false},"author":1,"featured_media":0,"parent":0,"menu_order":0,"comment_status":"closed","ping_status":"closed","template":"elementor_header_footer","meta":{"footnotes":""},"_links":{"self":[{"href":"http:\/\/upn141.edu.mx\/index.php\/wp-json\/wp\/v2\/pages\/297"}],"collection":[{"href":"http:\/\/upn141.edu.mx\/index.php\/wp-json\/wp\/v2\/pages"}],"about":[{"href":"http:\/\/upn141.edu.mx\/index.php\/wp-json\/wp\/v2\/types\/page"}],"author":[{"embeddable":true,"href":"http:\/\/upn141.edu.mx\/index.php\/wp-json\/wp\/v2\/users\/1"}],"replies":[{"embeddable":true,"href":"http:\/\/upn141.edu.mx\/index.php\/wp-json\/wp\/v2\/comments?post=297"}],"version-history":[{"count":28,"href":"http:\/\/upn141.edu.mx\/index.php\/wp-json\/wp\/v2\/pages\/297\/revisions"}],"predecessor-version":[{"id":1304,"href":"http:\/\/upn141.edu.mx\/index.php\/wp-json\/wp\/v2\/pages\/297\/revisions\/1304"}],"wp:attachment":[{"href":"http:\/\/upn141.edu.mx\/index.php\/wp-json\/wp\/v2\/media?parent=297"}],"curies":[{"name":"wp","href":"https:\/\/api.w.org\/{rel}","templated":true}]}}