{"id":282,"date":"2020-06-17T15:27:30","date_gmt":"2020-06-17T15:27:30","guid":{"rendered":"http:\/\/upn141.edu.mx\/?page_id=282"},"modified":"2025-01-28T23:25:31","modified_gmt":"2025-01-28T23:25:31","slug":"lic-pedagogia","status":"publish","type":"page","link":"http:\/\/upn141.edu.mx\/index.php\/lic-pedagogia\/","title":{"rendered":"Lic. Pedagog\u00eda"},"content":{"rendered":"\t\t<div data-elementor-type=\"wp-page\" data-elementor-id=\"282\" class=\"elementor elementor-282\" data-elementor-post-type=\"page\">\n\t\t\t\t\t\t<section class=\"elementor-section elementor-top-section elementor-element elementor-element-14de2db elementor-section-boxed elementor-section-height-default elementor-section-height-default\" data-id=\"14de2db\" data-element_type=\"section\">\n\t\t\t\t\t\t<div class=\"elementor-container elementor-column-gap-default\">\n\t\t\t\t\t<div class=\"elementor-column elementor-col-100 elementor-top-column elementor-element elementor-element-d3e63b4\" data-id=\"d3e63b4\" data-element_type=\"column\">\n\t\t\t<div class=\"elementor-widget-wrap elementor-element-populated\">\n\t\t\t\t\t\t<div class=\"elementor-element elementor-element-05cd069 elementor-widget elementor-widget-heading\" data-id=\"05cd069\" data-element_type=\"widget\" data-widget_type=\"heading.default\">\n\t\t\t\t<div class=\"elementor-widget-container\">\n\t\t\t<h2 class=\"elementor-heading-title elementor-size-default\">Licenciatura en Pedagog\u00eda<\/h2>\t\t<\/div>\n\t\t\t\t<\/div>\n\t\t\t\t\t<\/div>\n\t\t<\/div>\n\t\t\t\t\t<\/div>\n\t\t<\/section>\n\t\t\t\t<section class=\"elementor-section elementor-top-section elementor-element elementor-element-6fda1852 elementor-section-boxed elementor-section-height-default elementor-section-height-default\" data-id=\"6fda1852\" data-element_type=\"section\">\n\t\t\t\t\t\t<div class=\"elementor-container elementor-column-gap-default\">\n\t\t\t\t\t<div class=\"elementor-column elementor-col-100 elementor-top-column elementor-element elementor-element-1f38fd4d\" data-id=\"1f38fd4d\" data-element_type=\"column\">\n\t\t\t<div class=\"elementor-widget-wrap elementor-element-populated\">\n\t\t\t\t\t\t<div class=\"elementor-element elementor-element-1c53ef57 elementor-widget elementor-widget-text-editor\" data-id=\"1c53ef57\" data-element_type=\"widget\" data-widget_type=\"text-editor.default\">\n\t\t\t\t<div class=\"elementor-widget-container\">\n\t\t\t\t\t\t\t<p><strong><span style=\"font-size: 12.0pt; line-height: 107%;\">Prop\u00f3sito.<\/span><\/strong><\/p>\n<p><span style=\"font-size: 12.0pt; line-height: 107%;\">Formar profesionales capaces de analizar la problem\u00e1tica educativa y de intervenir de manera creativa en la resoluci\u00f3n de la misma, mediante el dominio de las pol\u00edticas, la organizaci\u00f3n y los programas del sistema educativo mexicano, con conocimiento de las bases te\u00f3rico-metodol\u00f3gicas de la pedagog\u00eda, de sus instrumentos y procedimientos t\u00e9cnicos.<\/span><\/p>\n<p><span style=\"font-size: 12.0pt; line-height: 107%;\"><strong>Duraci\u00f3n:<\/strong>&nbsp; 8 semestres (4 a\u00f1os)<\/span><\/p>\n<p><span style=\"font-size: 12.0pt; line-height: 107%;\"><strong>Modalidad del programa:&nbsp;<\/strong> Presencial<\/span><\/p>\n<p><span style=\"font-size: 12.0pt; line-height: 107%;\"><strong>Turnos:<\/strong>&nbsp; matutino (de 8 a 14 horas) y vespertino (15 a 21 horas)<\/span><\/p>\n<div>\n<p><strong>Requisitos de Inscripci\u00f3n(2024):<\/strong><\/p>\n<p>Quienes aspiren a ingresar deber\u00e1n presentar en el \u00e1rea de Control Escolar de la UPN &nbsp;de Lunes a viernes de (9 a 14 horas y de 14 a 19 horas) para solicitar informes o bien puedes solicitar informaci\u00f3n a los tel\u00e9fonos de control escolar 3338232214 ext. 104 y 3338236572 ext. 133:<\/p>\n<ul>\n<li>Clave \u00danica de Registro de Poblaci\u00f3n (CURP)<\/li>\n<li>Certificado de bachillerato con promedio m\u00ednimo de 7.0 (siete punto cero) El promedio se considera como parte del proceso de selecci\u00f3n.<\/li>\n<li>Acta de nacimiento expedida en los \u00faltimos tres meses<\/li>\n<li>Identificaci\u00f3n oficial vigente (INE)<\/li>\n<li>Si labora, constancia de trabajo con horario, domicilio y actividad que desempe\u00f1a.<\/li>\n<li>Vigencia del IMSS con el N\u00famero de Seguro Social<\/li>\n<li>Copia del Registro Federal de Contribuyentes (RFC). Aplica para mayores de 18 a\u00f1os.<\/li>\n<\/ul>\n<p><strong>Etapas del proceso de selecci\u00f3n:<\/strong><\/p>\n<ul>\n<li>Preinscripci\u00f3n: Del 08 de marzo al 10 de mayo del 2024<\/li>\n<li>Fecha de examen: El 22 de junio del 2024<\/li>\n<li>Curso de inducci\u00f3n presencial: Del 02 al 05 de julio del 2024<\/li>\n<li>Publicaci\u00f3n de resultados: El 12 de agosto del 2024<\/li>\n<li>Inscripciones: Del 12 al 15 de agosto del 2024<\/li>\n<li>Inicio de cursos: El 19 de agosto del 2024<\/li>\n<\/ul>\n<p><strong>Causales de no selecci\u00f3n.<\/strong><\/p>\n<ul>\n<li>Solicitudes presentadas fuera de tiempo de la vigencia de registro.<\/li>\n<li>Falsedad o alteraci\u00f3n de los documentos presentados en la solicitud.<\/li>\n<li>No aprobar el examen correspondiente.<\/li>\n<\/ul>\n<p><strong>Casos no previstos:<\/strong><\/p>\n<p>Los casos no previstos ser\u00e1n resueltos en forma colegiada entre las Unidades de la UPN<\/p>\n<p><\/p>\n<p><strong>Sede:<\/strong><\/p>\n<p>Unidad 141 Guadalajara&nbsp;&nbsp; Av. Plan de San Luis 1696&nbsp;&nbsp;&nbsp;&nbsp; Col. Chapultepec Country<\/p>\n<p><strong>Tel\u00e9fono de Control Escolar:<\/strong> 3338232214 ext. 104 y 3338236572 ext. 133<\/p>\n<\/div>\n<div>&nbsp;<\/div>\n<div><strong>Coordinadora del programa.<\/strong><\/div>\n<div>Mtra. Ibeth Rosana Narv\u00e1ez Sierra<\/div><div>\n<\/div>\n<div>&nbsp;<\/div>\t\t\t\t\t\t<\/div>\n\t\t\t\t<\/div>\n\t\t\t\t\t<\/div>\n\t\t<\/div>\n\t\t\t\t\t<\/div>\n\t\t<\/section>\n\t\t\t\t<\/div>\n\t\t","protected":false},"excerpt":{"rendered":"<p>Licenciatura en Pedagog\u00eda Prop\u00f3sito. Formar profesionales capaces de analizar la problem\u00e1tica educativa y de intervenir de manera creativa en la resoluci\u00f3n de la misma, mediante el dominio de las pol\u00edticas, la organizaci\u00f3n y los programas del sistema educativo mexicano, con conocimiento de las bases te\u00f3rico-metodol\u00f3gicas de la pedagog\u00eda, de sus instrumentos y procedimientos t\u00e9cnicos. Duraci\u00f3n:&nbsp; [&hellip;]<\/p>\n","protected":false},"author":1,"featured_media":0,"parent":0,"menu_order":0,"comment_status":"closed","ping_status":"closed","template":"elementor_header_footer","meta":{"footnotes":""},"_links":{"self":[{"href":"http:\/\/upn141.edu.mx\/index.php\/wp-json\/wp\/v2\/pages\/282"}],"collection":[{"href":"http:\/\/upn141.edu.mx\/index.php\/wp-json\/wp\/v2\/pages"}],"about":[{"href":"http:\/\/upn141.edu.mx\/index.php\/wp-json\/wp\/v2\/types\/page"}],"author":[{"embeddable":true,"href":"http:\/\/upn141.edu.mx\/index.php\/wp-json\/wp\/v2\/users\/1"}],"replies":[{"embeddable":true,"href":"http:\/\/upn141.edu.mx\/index.php\/wp-json\/wp\/v2\/comments?post=282"}],"version-history":[{"count":33,"href":"http:\/\/upn141.edu.mx\/index.php\/wp-json\/wp\/v2\/pages\/282\/revisions"}],"predecessor-version":[{"id":1472,"href":"http:\/\/upn141.edu.mx\/index.php\/wp-json\/wp\/v2\/pages\/282\/revisions\/1472"}],"wp:attachment":[{"href":"http:\/\/upn141.edu.mx\/index.php\/wp-json\/wp\/v2\/media?parent=282"}],"curies":[{"name":"wp","href":"https:\/\/api.w.org\/{rel}","templated":true}]}}