{"id":1389,"date":"2024-04-18T23:27:48","date_gmt":"2024-04-18T23:27:48","guid":{"rendered":"https:\/\/upn141.edu.mx\/?page_id=1389"},"modified":"2024-04-18T23:31:26","modified_gmt":"2024-04-18T23:31:26","slug":"historia","status":"publish","type":"page","link":"http:\/\/upn141.edu.mx\/index.php\/historia\/","title":{"rendered":"Historia"},"content":{"rendered":"\t\t<div data-elementor-type=\"wp-page\" data-elementor-id=\"1389\" class=\"elementor elementor-1389\" data-elementor-post-type=\"page\">\n\t\t\t\t\t\t<section class=\"elementor-section elementor-top-section elementor-element elementor-element-45d6194 elementor-section-boxed elementor-section-height-default elementor-section-height-default\" data-id=\"45d6194\" data-element_type=\"section\">\n\t\t\t\t\t\t<div class=\"elementor-container elementor-column-gap-default\">\n\t\t\t\t\t<div class=\"elementor-column elementor-col-100 elementor-top-column elementor-element elementor-element-d607302\" data-id=\"d607302\" data-element_type=\"column\">\n\t\t\t<div class=\"elementor-widget-wrap elementor-element-populated\">\n\t\t\t\t\t\t<div class=\"elementor-element elementor-element-81ff981 elementor-widget elementor-widget-heading\" data-id=\"81ff981\" data-element_type=\"widget\" data-widget_type=\"heading.default\">\n\t\t\t\t<div class=\"elementor-widget-container\">\n\t\t\t<h2 class=\"elementor-heading-title elementor-size-default\">Historia UPN 141<\/h2>\t\t<\/div>\n\t\t\t\t<\/div>\n\t\t\t\t\t<\/div>\n\t\t<\/div>\n\t\t\t\t\t<\/div>\n\t\t<\/section>\n\t\t\t\t<section class=\"elementor-section elementor-top-section elementor-element elementor-element-c38b5a3 elementor-section-boxed elementor-section-height-default elementor-section-height-default\" data-id=\"c38b5a3\" data-element_type=\"section\">\n\t\t\t\t\t\t<div class=\"elementor-container elementor-column-gap-default\">\n\t\t\t\t\t<div class=\"elementor-column elementor-col-66 elementor-top-column elementor-element elementor-element-ad9081d\" data-id=\"ad9081d\" data-element_type=\"column\">\n\t\t\t<div class=\"elementor-widget-wrap elementor-element-populated\">\n\t\t\t\t\t\t<div class=\"elementor-element elementor-element-e5634a8 elementor-widget elementor-widget-text-editor\" data-id=\"e5634a8\" data-element_type=\"widget\" data-widget_type=\"text-editor.default\">\n\t\t\t\t<div class=\"elementor-widget-container\">\n\t\t\t\t\t\t\t<p>La historia de la <strong>Universidad Pedag\u00f3gica Nacional Unidad 141<\/strong>\u00a0<strong>Guadalajara<\/strong> se entrelaza con la trayectoria m\u00e1s amplia de la UPN, creada por decreto presidencial el 29 de agosto de 1978. Desde su fundaci\u00f3n, esta unidad ha sido un punto focal para la formaci\u00f3n de profesionales de la educaci\u00f3n en la regi\u00f3n, ofreciendo una gama de programas de licenciatura y posgrado enfocados en pedagog\u00eda y educaci\u00f3n b\u00e1sica y media superior.<\/p><p>Un aspecto interesante de la historia de esta unidad es su contribuci\u00f3n a la educaci\u00f3n y formaci\u00f3n docente, reflejando los esfuerzos nacionales para mejorar la educaci\u00f3n a trav\u00e9s de un enfoque multidisciplinario y universal del conocimiento. Esto se alinea con la misi\u00f3n inicial de la UPN de formar especialistas de la educaci\u00f3n capaces de responder a las necesidades del sistema educativo con un alto nivel acad\u00e9mico\u200b \u200b.<\/p><p>Adem\u00e1s, la <strong>UPN Unidad 141<\/strong> ha jugado un papel importante en el avance de la equidad de g\u00e9nero en el \u00e1mbito educativo, como lo demuestran las propuestas de posgrados y diversas iniciativas educativas llevadas a cabo en esta unidad, que han contribuido al di\u00e1logo y la acci\u00f3n sobre estos temas cr\u00edticos en la educaci\u00f3n\u200b.<\/p>\t\t\t\t\t\t<\/div>\n\t\t\t\t<\/div>\n\t\t\t\t\t<\/div>\n\t\t<\/div>\n\t\t\t\t<div class=\"elementor-column elementor-col-33 elementor-top-column elementor-element elementor-element-df3d643\" data-id=\"df3d643\" data-element_type=\"column\">\n\t\t\t<div class=\"elementor-widget-wrap elementor-element-populated\">\n\t\t\t\t\t\t<div class=\"elementor-element elementor-element-c592d47 elementor-widget elementor-widget-image\" data-id=\"c592d47\" data-element_type=\"widget\" data-widget_type=\"image.default\">\n\t\t\t\t<div class=\"elementor-widget-container\">\n\t\t\t\t\t\t\t\t\t\t\t\t\t<img fetchpriority=\"high\" decoding=\"async\" width=\"415\" height=\"401\" src=\"http:\/\/upn141.edu.mx\/wp-content\/uploads\/2024\/04\/foto-entrada.png\" class=\"attachment-large size-large wp-image-1391\" alt=\"\" srcset=\"http:\/\/upn141.edu.mx\/wp-content\/uploads\/2024\/04\/foto-entrada.png 415w, http:\/\/upn141.edu.mx\/wp-content\/uploads\/2024\/04\/foto-entrada-300x290.png 300w\" sizes=\"(max-width: 415px) 100vw, 415px\" \/>\t\t\t\t\t\t\t\t\t\t\t\t\t<\/div>\n\t\t\t\t<\/div>\n\t\t\t\t\t<\/div>\n\t\t<\/div>\n\t\t\t\t\t<\/div>\n\t\t<\/section>\n\t\t\t\t<\/div>\n\t\t","protected":false},"excerpt":{"rendered":"<p>Historia UPN 141 La historia de la Universidad Pedag\u00f3gica Nacional Unidad 141\u00a0Guadalajara se entrelaza con la trayectoria m\u00e1s amplia de la UPN, creada por decreto presidencial el 29 de agosto de 1978. Desde su fundaci\u00f3n, esta unidad ha sido un punto focal para la formaci\u00f3n de profesionales de la educaci\u00f3n en la regi\u00f3n, ofreciendo una [&hellip;]<\/p>\n","protected":false},"author":1,"featured_media":0,"parent":0,"menu_order":0,"comment_status":"closed","ping_status":"closed","template":"elementor_header_footer","meta":{"footnotes":""},"_links":{"self":[{"href":"http:\/\/upn141.edu.mx\/index.php\/wp-json\/wp\/v2\/pages\/1389"}],"collection":[{"href":"http:\/\/upn141.edu.mx\/index.php\/wp-json\/wp\/v2\/pages"}],"about":[{"href":"http:\/\/upn141.edu.mx\/index.php\/wp-json\/wp\/v2\/types\/page"}],"author":[{"embeddable":true,"href":"http:\/\/upn141.edu.mx\/index.php\/wp-json\/wp\/v2\/users\/1"}],"replies":[{"embeddable":true,"href":"http:\/\/upn141.edu.mx\/index.php\/wp-json\/wp\/v2\/comments?post=1389"}],"version-history":[{"count":4,"href":"http:\/\/upn141.edu.mx\/index.php\/wp-json\/wp\/v2\/pages\/1389\/revisions"}],"predecessor-version":[{"id":1394,"href":"http:\/\/upn141.edu.mx\/index.php\/wp-json\/wp\/v2\/pages\/1389\/revisions\/1394"}],"wp:attachment":[{"href":"http:\/\/upn141.edu.mx\/index.php\/wp-json\/wp\/v2\/media?parent=1389"}],"curies":[{"name":"wp","href":"https:\/\/api.w.org\/{rel}","templated":true}]}}