{"id":1357,"date":"2024-04-17T17:45:50","date_gmt":"2024-04-17T17:45:50","guid":{"rendered":"https:\/\/upn141.edu.mx\/?page_id=1357"},"modified":"2025-06-10T21:16:28","modified_gmt":"2025-06-10T21:16:28","slug":"elementor-1357","status":"publish","type":"page","link":"http:\/\/upn141.edu.mx\/index.php\/elementor-1357\/","title":{"rendered":"Directorio"},"content":{"rendered":"\t\t<div data-elementor-type=\"wp-page\" data-elementor-id=\"1357\" class=\"elementor elementor-1357\" data-elementor-post-type=\"page\">\n\t\t\t\t\t\t<section class=\"elementor-section elementor-top-section elementor-element elementor-element-c2c5e95 elementor-section-boxed elementor-section-height-default elementor-section-height-default\" data-id=\"c2c5e95\" data-element_type=\"section\">\n\t\t\t\t\t\t<div class=\"elementor-container elementor-column-gap-default\">\n\t\t\t\t\t<div class=\"elementor-column elementor-col-100 elementor-top-column elementor-element elementor-element-dcd87fe\" data-id=\"dcd87fe\" data-element_type=\"column\">\n\t\t\t<div class=\"elementor-widget-wrap elementor-element-populated\">\n\t\t\t\t\t\t<div class=\"elementor-element elementor-element-cd47a51 elementor-widget elementor-widget-heading\" data-id=\"cd47a51\" data-element_type=\"widget\" data-widget_type=\"heading.default\">\n\t\t\t\t<div class=\"elementor-widget-container\">\n\t\t\t<h2 class=\"elementor-heading-title elementor-size-default\"><br><br>Directorio<\/h2>\t\t<\/div>\n\t\t\t\t<\/div>\n\t\t\t\t\t<\/div>\n\t\t<\/div>\n\t\t\t\t\t<\/div>\n\t\t<\/section>\n\t\t\t\t<section class=\"elementor-section elementor-top-section elementor-element elementor-element-f98f63b elementor-section-boxed elementor-section-height-default elementor-section-height-default\" data-id=\"f98f63b\" data-element_type=\"section\">\n\t\t\t\t\t\t<div class=\"elementor-container elementor-column-gap-default\">\n\t\t\t\t\t<div class=\"elementor-column elementor-col-100 elementor-top-column elementor-element elementor-element-f9f2535\" data-id=\"f9f2535\" data-element_type=\"column\">\n\t\t\t<div class=\"elementor-widget-wrap elementor-element-populated\">\n\t\t\t\t\t\t<div class=\"elementor-element elementor-element-0010511 elementor-widget elementor-widget-text-editor\" data-id=\"0010511\" data-element_type=\"widget\" data-widget_type=\"text-editor.default\">\n\t\t\t\t<div class=\"elementor-widget-container\">\n\t\t\t\t\t\t\t<p style=\"margin-bottom: 0cm;\">Profr. Juan Flores V\u00e1zquez<\/p><p style=\"margin-bottom: 0cm; line-height: normal;\"><strong>P<\/strong><b>uesto: Director.<\/b><\/p><p style=\"margin-bottom: 0cm;\">Correo: <a href=\"mailto:juan.flores@upn141.edu.mx\">juan.flores@upn141.edu.mx<\/a><\/p><p>\u00a0<\/p><p style=\"margin-bottom: 0cm; line-height: normal;\">Dra. Dafne Bastida Izaguirre<\/p><p style=\"margin-bottom: 0cm; line-height: normal;\"><strong>Puesto: Subdirectora.<\/strong><\/p><p style=\"margin-bottom: 0cm; line-height: normal;\">Correo: dafne.bastida@upn141.edu.mx<\/p><p>\u00a0<\/p><p style=\"margin-bottom: 0cm;\">Mtro. Jos\u00e9 Eduardo Navarro Hern\u00e1ndez.<\/p><p style=\"margin-bottom: 0cm;\"><b>Coordinador administrativo.<\/b><\/p><p style=\"margin-bottom: 0cm;\">Correo: eduardo.hern\u00e1ndez@upn141.edu.mx<\/p><p>\u00a0<\/p><p style=\"margin-bottom: 0cm;\">Lic. Alina P\u00e9rez Moreno<\/p><p style=\"margin-bottom: 0cm;\"><b>Titulaci\u00f3n.<\/b><\/p><p style=\"margin-bottom: 0cm;\">Correo: \u00a0<a href=\"mailto:alina.perez@upn141.edu.mx\">alina.perez@upn141.edu.mx<\/a><\/p><p>\u00a0<\/p><p style=\"margin-bottom: 0cm;\">Lic. Eva D\u00edaz<\/p><p style=\"margin-bottom: 0cm;\"><b>Biblioteca.<\/b><\/p><p style=\"margin-bottom: 0cm;\">Correo: <a href=\"mailto:eva.diaz@upn141.edu.mx\">eva.diaz@upn141.edu.mx<\/a><\/p><p style=\"margin-bottom: 0cm;\"><b>\u00a0<\/b><\/p><h3 style=\"margin-bottom: 0cm;\"><b>Coordinaciones de programas educativos.<\/b><\/h3><h4 style=\"margin-bottom: 0cm;\"><b><span style=\"font-size: 14.0pt; line-height: 115%;\">Licenciatura.<\/span><\/b><\/h4><p>\u00a0<\/p><p style=\"margin-bottom: 0cm;\">Mtra. Ibeth Rosana Narv\u00e1ez Sierra<\/p><p style=\"margin-bottom: 0cm;\"><b>Licenciatura en Pedagog\u00eda.<\/b><\/p><p style=\"margin-bottom: 0cm;\">Correo: ibeth.narvaez@upn141.edu.mx<\/p><p style=\"margin-bottom: 0cm;\">\u00a0<\/p><p style=\"margin-bottom: 0cm;\">Mtra. Ana Carolina Rodr\u00edguez Alaniz<\/p><p style=\"margin-bottom: 0cm;\"><b>Coordinaci\u00f3n de Servicio Social Licenciatura en Pedagog\u00eda.<\/b><\/p><p style=\"margin-bottom: 0cm;\">Correo: carolina.rodr\u00edguez@upn141.edu.mx<\/p><p style=\"margin-bottom: 0cm;\">\u00a0<\/p><p style=\"margin-bottom: 0cm;\">Mtro. Gilberto L\u00f3pez Topete<\/p><p style=\"margin-bottom: 0cm;\"><b>Licenciaturas de Nivelaci\u00f3n.<\/b><\/p><p style=\"margin-bottom: 0cm;\">Correo: gilberto.lopez@upn141.edu.mx<\/p><h4>\u00a0<\/h4><h4 style=\"margin-bottom: 0cm;\"><b><span style=\"font-size: 14.0pt; line-height: 115%;\">Posgrados.<\/span><\/b><\/h4><p>\u00a0<\/p><p style=\"margin-bottom: 0cm;\">Mtra. Yazm\u00edn Moreno Mu\u00f1oz<\/p><p style=\"margin-bottom: 0cm;\"><b>Coordinadora de la Especializaci\u00f3n en Estudio de G\u00e9nero.<\/b><\/p><p style=\"margin-bottom: 0cm;\">Correo: <a href=\"mailto:yazmin.moreno@upn141.edu.mx\">yazmin.moreno@upn141.edu.mx<\/a><\/p><p>\u00a0<\/p><p style=\"margin-bottom: 0cm;\">Dra. Am\u00e9rica Vera Lara<\/p><p style=\"margin-bottom: 0cm;\"><b>Coordinadora de la Maestr\u00eda en Educaci\u00f3n<\/b>.<\/p><p style=\"margin-bottom: 0cm;\">Correo: america.vera@upn141.edu.mx<\/p><p>\u00a0<\/p><p style=\"margin-bottom: 0cm;\">Mtra. Felicitas Valdivia Alatorre<\/p><p style=\"margin-bottom: 0cm;\"><b>Coordinadora de la Maestr\u00eda en Educaci\u00f3n B\u00e1sica. <\/b><\/p><p style=\"margin-bottom: 0cm;\">Correo: felicitas.valdivia@upn141.edu.mx<\/p><p>\u00a0<\/p><p style=\"margin-bottom: 0cm;\">Mtro. Andr\u00e9s David Torres Rodr\u00edguez<\/p><p style=\"margin-bottom: 0cm;\"><b>Coordinador de la Maestr\u00eda en Educaci\u00f3n Media Superior.<\/b><\/p><p style=\"margin-bottom: 0cm;\">Correo: andres.torres@upn1141.edu.mx<\/p><p>\u00a0<\/p><p style=\"margin-bottom: 0cm;\">Mtra. Fabiola Sevilla<\/p><p style=\"margin-bottom: 0cm;\"><b>Coordinadora de la Maestr\u00eda en Estudios de G\u00e9nero, Sociedad y Cultura. <\/b><\/p><p style=\"margin-bottom: 0cm;\">Correo: fabiola.sevilla@upn141.edu.mx<\/p><p>\u00a0<\/p><p style=\"margin-bottom: 0cm;\">Dr. Luis C\u00e9sar Torres Nabel<\/p><p style=\"margin-bottom: 0cm;\"><b>Coordinador de la Doctorado en Desarrollo Educativo.<\/b><\/p><p style=\"margin-bottom: 0cm;\">cesar.torres@upn141.edu.mx<\/p>\t\t\t\t\t\t<\/div>\n\t\t\t\t<\/div>\n\t\t\t\t\t<\/div>\n\t\t<\/div>\n\t\t\t\t\t<\/div>\n\t\t<\/section>\n\t\t\t\t<\/div>\n\t\t","protected":false},"excerpt":{"rendered":"<p>Directorio Profr. Juan Flores V\u00e1zquez Puesto: Director. Correo: juan.flores@upn141.edu.mx \u00a0 Dra. Dafne Bastida Izaguirre Puesto: Subdirectora. Correo: dafne.bastida@upn141.edu.mx \u00a0 Mtro. Jos\u00e9 Eduardo Navarro Hern\u00e1ndez. Coordinador administrativo. Correo: eduardo.hern\u00e1ndez@upn141.edu.mx \u00a0 Lic. Alina P\u00e9rez Moreno Titulaci\u00f3n. Correo: \u00a0alina.perez@upn141.edu.mx \u00a0 Lic. Eva D\u00edaz Biblioteca. Correo: eva.diaz@upn141.edu.mx \u00a0 Coordinaciones de programas educativos. Licenciatura. \u00a0 Mtra. Ibeth Rosana Narv\u00e1ez Sierra [&hellip;]<\/p>\n","protected":false},"author":1,"featured_media":0,"parent":0,"menu_order":0,"comment_status":"closed","ping_status":"closed","template":"elementor_header_footer","meta":{"footnotes":""},"_links":{"self":[{"href":"http:\/\/upn141.edu.mx\/index.php\/wp-json\/wp\/v2\/pages\/1357"}],"collection":[{"href":"http:\/\/upn141.edu.mx\/index.php\/wp-json\/wp\/v2\/pages"}],"about":[{"href":"http:\/\/upn141.edu.mx\/index.php\/wp-json\/wp\/v2\/types\/page"}],"author":[{"embeddable":true,"href":"http:\/\/upn141.edu.mx\/index.php\/wp-json\/wp\/v2\/users\/1"}],"replies":[{"embeddable":true,"href":"http:\/\/upn141.edu.mx\/index.php\/wp-json\/wp\/v2\/comments?post=1357"}],"version-history":[{"count":35,"href":"http:\/\/upn141.edu.mx\/index.php\/wp-json\/wp\/v2\/pages\/1357\/revisions"}],"predecessor-version":[{"id":1526,"href":"http:\/\/upn141.edu.mx\/index.php\/wp-json\/wp\/v2\/pages\/1357\/revisions\/1526"}],"wp:attachment":[{"href":"http:\/\/upn141.edu.mx\/index.php\/wp-json\/wp\/v2\/media?parent=1357"}],"curies":[{"name":"wp","href":"https:\/\/api.w.org\/{rel}","templated":true}]}}