{"id":133,"date":"2020-06-12T20:08:17","date_gmt":"2020-06-12T20:08:17","guid":{"rendered":"http:\/\/upn141.edu.mx\/?page_id=133"},"modified":"2024-03-21T20:51:13","modified_gmt":"2024-03-21T20:51:13","slug":"unidad","status":"publish","type":"page","link":"http:\/\/upn141.edu.mx\/index.php\/unidad\/","title":{"rendered":"Unidad"},"content":{"rendered":"\t\t<div data-elementor-type=\"wp-page\" data-elementor-id=\"133\" class=\"elementor elementor-133\" data-elementor-post-type=\"page\">\n\t\t\t\t\t\t<section class=\"elementor-section elementor-top-section elementor-element elementor-element-4366a9c2 elementor-section-height-min-height elementor-section-boxed elementor-section-height-default elementor-section-items-middle\" data-id=\"4366a9c2\" data-element_type=\"section\" data-settings=\"{&quot;background_background&quot;:&quot;classic&quot;}\">\n\t\t\t\t\t\t<div class=\"elementor-container elementor-column-gap-default\">\n\t\t\t\t\t<div class=\"elementor-column elementor-col-100 elementor-top-column elementor-element elementor-element-6b4d8334\" data-id=\"6b4d8334\" data-element_type=\"column\">\n\t\t\t<div class=\"elementor-widget-wrap elementor-element-populated\">\n\t\t\t\t\t\t<div class=\"elementor-element elementor-element-586a9e10 elementor-widget elementor-widget-heading\" data-id=\"586a9e10\" data-element_type=\"widget\" data-widget_type=\"heading.default\">\n\t\t\t\t<div class=\"elementor-widget-container\">\n\t\t\t<h1 class=\"elementor-heading-title elementor-size-default\">Unidad 141 Guadalajara<\/h1>\t\t<\/div>\n\t\t\t\t<\/div>\n\t\t\t\t\t<\/div>\n\t\t<\/div>\n\t\t\t\t\t<\/div>\n\t\t<\/section>\n\t\t\t\t<section class=\"elementor-section elementor-top-section elementor-element elementor-element-a1b80ad elementor-section-boxed elementor-section-height-default elementor-section-height-default\" data-id=\"a1b80ad\" data-element_type=\"section\">\n\t\t\t\t\t\t<div class=\"elementor-container elementor-column-gap-default\">\n\t\t\t\t\t<div class=\"elementor-column elementor-col-100 elementor-top-column elementor-element elementor-element-46693e4\" data-id=\"46693e4\" data-element_type=\"column\">\n\t\t\t<div class=\"elementor-widget-wrap elementor-element-populated\">\n\t\t\t\t\t\t<div class=\"elementor-element elementor-element-db096a2 elementor-widget elementor-widget-heading\" data-id=\"db096a2\" data-element_type=\"widget\" data-widget_type=\"heading.default\">\n\t\t\t\t<div class=\"elementor-widget-container\">\n\t\t\t<h2 class=\"elementor-heading-title elementor-size-default\">Misi\u00f3n<\/h2>\t\t<\/div>\n\t\t\t\t<\/div>\n\t\t\t\t<section class=\"elementor-section elementor-inner-section elementor-element elementor-element-7b5b5dd elementor-section-boxed elementor-section-height-default elementor-section-height-default\" data-id=\"7b5b5dd\" data-element_type=\"section\">\n\t\t\t\t\t\t<div class=\"elementor-container elementor-column-gap-default\">\n\t\t\t\t\t<div class=\"elementor-column elementor-col-50 elementor-inner-column elementor-element elementor-element-8c855c1\" data-id=\"8c855c1\" data-element_type=\"column\">\n\t\t\t<div class=\"elementor-widget-wrap elementor-element-populated\">\n\t\t\t\t\t\t<div class=\"elementor-element elementor-element-eaa7bb3 elementor-widget elementor-widget-text-editor\" data-id=\"eaa7bb3\" data-element_type=\"widget\" data-widget_type=\"text-editor.default\">\n\t\t\t\t<div class=\"elementor-widget-container\">\n\t\t\t\t\t\t\t<p>Somos una instituci\u00f3n de educaci\u00f3n superior p\u00fablica integrante de la red de unidades de Jalisco, que satisface a trav\u00e9s de sus programas educativos de calidad, necesidades de formaci\u00f3n y actualizaci\u00f3n de profesionales de la educaci\u00f3n con responsabilidad social, en los diferentes niveles educativos, mediante un equipo de acad\u00e9micos de alto nivel que generan conocimiento nuevo, a trav\u00e9s de proyectos de investigaci\u00f3n sobre los problemas educativos de car\u00e1cter nacional y estatal; divulga sus resultados mediante actividades de difusi\u00f3n y extensi\u00f3n, en el marco de los principios \u00e9ticos y sociales fundamentales y de la convivencia democr\u00e1tica como forma de vida.<\/p>\t\t\t\t\t\t<\/div>\n\t\t\t\t<\/div>\n\t\t\t\t\t<\/div>\n\t\t<\/div>\n\t\t\t\t<div class=\"elementor-column elementor-col-50 elementor-inner-column elementor-element elementor-element-0472c9e\" data-id=\"0472c9e\" data-element_type=\"column\">\n\t\t\t<div class=\"elementor-widget-wrap elementor-element-populated\">\n\t\t\t\t\t\t<div class=\"elementor-element elementor-element-8bd837b elementor-widget elementor-widget-image\" data-id=\"8bd837b\" data-element_type=\"widget\" data-widget_type=\"image.default\">\n\t\t\t\t<div class=\"elementor-widget-container\">\n\t\t\t\t\t\t\t\t\t\t\t\t\t<img fetchpriority=\"high\" decoding=\"async\" width=\"637\" height=\"420\" src=\"http:\/\/upn141.edu.mx\/wp-content\/uploads\/2020\/06\/2020-06-16_19h16_41.png\" class=\"attachment-large size-large wp-image-397\" alt=\"\" srcset=\"http:\/\/upn141.edu.mx\/wp-content\/uploads\/2020\/06\/2020-06-16_19h16_41.png 637w, http:\/\/upn141.edu.mx\/wp-content\/uploads\/2020\/06\/2020-06-16_19h16_41-300x198.png 300w\" sizes=\"(max-width: 637px) 100vw, 637px\" \/>\t\t\t\t\t\t\t\t\t\t\t\t\t<\/div>\n\t\t\t\t<\/div>\n\t\t\t\t\t<\/div>\n\t\t<\/div>\n\t\t\t\t\t<\/div>\n\t\t<\/section>\n\t\t\t\t\t<\/div>\n\t\t<\/div>\n\t\t\t\t\t<\/div>\n\t\t<\/section>\n\t\t\t\t<section class=\"elementor-section elementor-top-section elementor-element elementor-element-bf3401f elementor-section-boxed elementor-section-height-default elementor-section-height-default\" data-id=\"bf3401f\" data-element_type=\"section\">\n\t\t\t\t\t\t<div class=\"elementor-container elementor-column-gap-default\">\n\t\t\t\t\t<div class=\"elementor-column elementor-col-100 elementor-top-column elementor-element elementor-element-71a4d6b\" data-id=\"71a4d6b\" data-element_type=\"column\">\n\t\t\t<div class=\"elementor-widget-wrap elementor-element-populated\">\n\t\t\t\t\t\t<div class=\"elementor-element elementor-element-7da2aa7 elementor-widget elementor-widget-heading\" data-id=\"7da2aa7\" data-element_type=\"widget\" data-widget_type=\"heading.default\">\n\t\t\t\t<div class=\"elementor-widget-container\">\n\t\t\t<h2 class=\"elementor-heading-title elementor-size-default\">Visi\u00f3n<\/h2>\t\t<\/div>\n\t\t\t\t<\/div>\n\t\t\t\t<section class=\"elementor-section elementor-inner-section elementor-element elementor-element-5e8d46a elementor-section-boxed elementor-section-height-default elementor-section-height-default\" data-id=\"5e8d46a\" data-element_type=\"section\">\n\t\t\t\t\t\t<div class=\"elementor-container elementor-column-gap-default\">\n\t\t\t\t\t<div class=\"elementor-column elementor-col-50 elementor-inner-column elementor-element elementor-element-0d6cda5\" data-id=\"0d6cda5\" data-element_type=\"column\">\n\t\t\t<div class=\"elementor-widget-wrap elementor-element-populated\">\n\t\t\t\t\t\t<div class=\"elementor-element elementor-element-dc7d8b6 elementor-widget elementor-widget-image\" data-id=\"dc7d8b6\" data-element_type=\"widget\" data-widget_type=\"image.default\">\n\t\t\t\t<div class=\"elementor-widget-container\">\n\t\t\t\t\t\t\t\t\t\t\t\t\t<img decoding=\"async\" width=\"800\" height=\"533\" src=\"http:\/\/upn141.edu.mx\/wp-content\/uploads\/2020\/06\/girl-3718537_1280-1024x682.jpg\" class=\"attachment-large size-large wp-image-367\" alt=\"\" srcset=\"http:\/\/upn141.edu.mx\/wp-content\/uploads\/2020\/06\/girl-3718537_1280-1024x682.jpg 1024w, http:\/\/upn141.edu.mx\/wp-content\/uploads\/2020\/06\/girl-3718537_1280-300x200.jpg 300w, http:\/\/upn141.edu.mx\/wp-content\/uploads\/2020\/06\/girl-3718537_1280-768x512.jpg 768w, http:\/\/upn141.edu.mx\/wp-content\/uploads\/2020\/06\/girl-3718537_1280.jpg 1280w\" sizes=\"(max-width: 800px) 100vw, 800px\" \/>\t\t\t\t\t\t\t\t\t\t\t\t\t<\/div>\n\t\t\t\t<\/div>\n\t\t\t\t\t<\/div>\n\t\t<\/div>\n\t\t\t\t<div class=\"elementor-column elementor-col-50 elementor-inner-column elementor-element elementor-element-e0cde8c\" data-id=\"e0cde8c\" data-element_type=\"column\">\n\t\t\t<div class=\"elementor-widget-wrap elementor-element-populated\">\n\t\t\t\t\t\t<div class=\"elementor-element elementor-element-3969a0a elementor-widget elementor-widget-text-editor\" data-id=\"3969a0a\" data-element_type=\"widget\" data-widget_type=\"text-editor.default\">\n\t\t\t\t<div class=\"elementor-widget-container\">\n\t\t\t\t\t\t\t<p>Somos una instituci\u00f3n reconocida nacional e internacionalmente por su producci\u00f3n acad\u00e9mica, promotora de los valores sociales y l\u00edder en la formaci\u00f3n y actualizaci\u00f3n de los profesionales de la educaci\u00f3n; que promueve la generaci\u00f3n de conocimiento y desarrollo de la difusi\u00f3n cultural con el involucramiento de la sociedad jalisciense.<\/p>\t\t\t\t\t\t<\/div>\n\t\t\t\t<\/div>\n\t\t\t\t\t<\/div>\n\t\t<\/div>\n\t\t\t\t\t<\/div>\n\t\t<\/section>\n\t\t\t\t\t<\/div>\n\t\t<\/div>\n\t\t\t\t\t<\/div>\n\t\t<\/section>\n\t\t\t\t<section class=\"elementor-section elementor-top-section elementor-element elementor-element-203c047 elementor-section-boxed elementor-section-height-default elementor-section-height-default\" data-id=\"203c047\" data-element_type=\"section\">\n\t\t\t\t\t\t<div class=\"elementor-container elementor-column-gap-default\">\n\t\t\t\t\t<div class=\"elementor-column elementor-col-100 elementor-top-column elementor-element elementor-element-513ba60\" data-id=\"513ba60\" data-element_type=\"column\">\n\t\t\t<div class=\"elementor-widget-wrap elementor-element-populated\">\n\t\t\t\t\t\t<div class=\"elementor-element elementor-element-5080ca4 elementor-widget elementor-widget-heading\" data-id=\"5080ca4\" data-element_type=\"widget\" data-widget_type=\"heading.default\">\n\t\t\t\t<div class=\"elementor-widget-container\">\n\t\t\t<h2 class=\"elementor-heading-title elementor-size-default\">Ubicaci\u00f3n<\/h2>\t\t<\/div>\n\t\t\t\t<\/div>\n\t\t\t\t<div class=\"elementor-element elementor-element-3356efe elementor-widget elementor-widget-google_maps\" data-id=\"3356efe\" data-element_type=\"widget\" data-widget_type=\"google_maps.default\">\n\t\t\t\t<div class=\"elementor-widget-container\">\n\t\t\t\t\t<div class=\"elementor-custom-embed\">\n\t\t\t<iframe loading=\"lazy\"\n\t\t\t\t\tsrc=\"https:\/\/maps.google.com\/maps?q=unidad%20141%20guadalajara&#038;t=m&#038;z=14&#038;output=embed&#038;iwloc=near\"\n\t\t\t\t\ttitle=\"unidad 141 guadalajara\"\n\t\t\t\t\taria-label=\"unidad 141 guadalajara\"\n\t\t\t><\/iframe>\n\t\t<\/div>\n\t\t\t\t<\/div>\n\t\t\t\t<\/div>\n\t\t\t\t\t<\/div>\n\t\t<\/div>\n\t\t\t\t\t<\/div>\n\t\t<\/section>\n\t\t\t\t<\/div>\n\t\t","protected":false},"excerpt":{"rendered":"<p>Unidad 141 Guadalajara Misi\u00f3n Somos una instituci\u00f3n de educaci\u00f3n superior p\u00fablica integrante de la red de unidades de Jalisco, que satisface a trav\u00e9s de sus programas educativos de calidad, necesidades de formaci\u00f3n y actualizaci\u00f3n de profesionales de la educaci\u00f3n con responsabilidad social, en los diferentes niveles educativos, mediante un equipo de acad\u00e9micos de alto nivel [&hellip;]<\/p>\n","protected":false},"author":1,"featured_media":0,"parent":0,"menu_order":0,"comment_status":"closed","ping_status":"closed","template":"elementor_header_footer","meta":{"footnotes":""},"_links":{"self":[{"href":"http:\/\/upn141.edu.mx\/index.php\/wp-json\/wp\/v2\/pages\/133"}],"collection":[{"href":"http:\/\/upn141.edu.mx\/index.php\/wp-json\/wp\/v2\/pages"}],"about":[{"href":"http:\/\/upn141.edu.mx\/index.php\/wp-json\/wp\/v2\/types\/page"}],"author":[{"embeddable":true,"href":"http:\/\/upn141.edu.mx\/index.php\/wp-json\/wp\/v2\/users\/1"}],"replies":[{"embeddable":true,"href":"http:\/\/upn141.edu.mx\/index.php\/wp-json\/wp\/v2\/comments?post=133"}],"version-history":[{"count":17,"href":"http:\/\/upn141.edu.mx\/index.php\/wp-json\/wp\/v2\/pages\/133\/revisions"}],"predecessor-version":[{"id":1217,"href":"http:\/\/upn141.edu.mx\/index.php\/wp-json\/wp\/v2\/pages\/133\/revisions\/1217"}],"wp:attachment":[{"href":"http:\/\/upn141.edu.mx\/index.php\/wp-json\/wp\/v2\/media?parent=133"}],"curies":[{"name":"wp","href":"https:\/\/api.w.org\/{rel}","templated":true}]}}